{"id":3,"date":"2024-12-10T04:04:49","date_gmt":"2024-12-10T04:04:49","guid":{"rendered":"https:\/\/nimd.org\/?page_id=3"},"modified":"2025-02-04T13:05:04","modified_gmt":"2025-02-04T13:05:04","slug":"cookies","status":"publish","type":"page","link":"https:\/\/nimd.org\/fr\/cookies\/","title":{"rendered":"Politique en mati\u00e8re de cookies"},"content":{"rendered":"<p>Le site web du NIMD utilise des cookies pour am\u00e9liorer l'exp\u00e9rience des utilisateurs et garantir son bon fonctionnement. Cette politique explique ce que sont les cookies, comment nous les utilisons, les types de cookies que nous utilisons et les choix qui s'offrent \u00e0 vous en ce qui concerne les cookies.<\/p>\n\n\n\n<h2 class=\"wp-block-heading\">Qu'est-ce qu'un cookie ?<\/h2>\n\n\n\n<p>Les cookies sont de petits fichiers texte plac\u00e9s sur votre appareil par les sites web que vous visitez. Ils sont largement utilis\u00e9s pour faire fonctionner les sites web, ou les faire fonctionner plus efficacement, ainsi que pour fournir des informations aux propri\u00e9taires des sites.<\/p>\n\n\n\n<h2 class=\"wp-block-heading\">Types de cookies que nous utilisons<\/h2>\n\n\n\n<h3 class=\"wp-block-heading\">Cookies n\u00e9cessaires<\/h3>\n\n\n\n<p>Ces cookies sont essentiels au bon fonctionnement du site web. Ils garantissent les fonctionnalit\u00e9s de base et les \u00e9l\u00e9ments de s\u00e9curit\u00e9 du site web. Les cookies n\u00e9cessaires sont toujours activ\u00e9s.<\/p>\n\n\n\n<ul class=\"wp-block-list\">\n<li><em>wpEmojiSettingsSupports&nbsp;<\/em>(session) - WordPress d\u00e9finit ce cookie lorsqu'un utilisateur interagit avec des emojis sur un site WordPress. Il permet de d\u00e9terminer si le navigateur de l'utilisateur peut afficher correctement les emojis.<\/li>\n<\/ul>\n\n\n\n<h3 class=\"wp-block-heading\">Cookies analytiques<\/h3>\n\n\n\n<p>Ces cookies nous aident \u00e0 comprendre comment les visiteurs interagissent avec notre site web en collectant et en rapportant des informations de mani\u00e8re anonyme. Cela nous aide \u00e0 am\u00e9liorer notre site et les services que nous offrons.<\/p>\n\n\n\n<ul class=\"wp-block-list\">\n<li><em>La loi sur l'immigration et la protection des r\u00e9fugi\u00e9s (LIPR)<\/em>&nbsp;(1 an 1 mois 4 jours) - orgGoogle Analytics utilise ce cookie pour stocker et compter les pages vues.<\/li>\n\n\n\n<li><em>_ga<\/em>&nbsp;(1 an 1 mois 4 jours) - Le cookie _ga, install\u00e9 par Google Analytics, calcule les donn\u00e9es relatives aux visiteurs, aux sessions et aux campagnes et garde \u00e9galement une trace de l'utilisation du site pour le rapport d'analyse du site. Le cookie stocke les informations de mani\u00e8re anonyme et attribue un num\u00e9ro g\u00e9n\u00e9r\u00e9 de mani\u00e8re al\u00e9atoire pour reconna\u00eetre les visiteurs uniques.<\/li>\n<\/ul>\n\n\n\n<h3 class=\"wp-block-heading\">Cookies fonctionnels<\/h3>\n\n\n\n<p>Les cookies fonctionnels permettent au site web de se souvenir des choix que vous faites (comme votre nom d'utilisateur, votre langue ou la r\u00e9gion dans laquelle vous vous trouvez) et de fournir des fonctionnalit\u00e9s am\u00e9lior\u00e9es et plus personnelles.<\/p>\n\n\n\n<h3 class=\"wp-block-heading\">Cookies de performance<\/h3>\n\n\n\n<p>Ces cookies recueillent des informations sur la mani\u00e8re dont les visiteurs utilisent un site web, par exemple les pages les plus souvent consult\u00e9es. Ces cookies ne recueillent pas d'informations permettant d'identifier un visiteur. Toutes les informations recueillies par ces cookies sont agr\u00e9g\u00e9es et donc anonymes. Elles ne sont utilis\u00e9es que pour am\u00e9liorer le fonctionnement d'un site web.<\/p>\n\n\n\n<h3 class=\"wp-block-heading\">Cookies publicitaires<\/h3>\n\n\n\n<p>Les cookies publicitaires sont utilis\u00e9s pour fournir aux visiteurs des publicit\u00e9s et des campagnes de marketing pertinentes. Ces cookies suivent les visiteurs \u00e0 travers les sites web et collectent des informations pour fournir des publicit\u00e9s personnalis\u00e9es.<\/p>\n\n\n\n<ul class=\"wp-block-list\">\n<li><em>CSY<\/em>&nbsp;(session) - Le cookie YSC est mis en place par Youtube et est utilis\u00e9 pour suivre les vues des vid\u00e9os int\u00e9gr\u00e9es sur les pages Youtube.<\/li>\n\n\n\n<li><em>VISITOR_INFO1_LIVE&nbsp;<\/em>(6 mois) - Cookie mis en place par YouTube pour mesurer la bande passante qui d\u00e9termine si l'utilisateur obtient la nouvelle ou l'ancienne interface du lecteur.<\/li>\n\n\n\n<li><em>DONN\u00c9ES_DE_LA_CONFIDENTIALIT\u00c9_DES_VISITEURS<\/em>&nbsp;(6 mois) - YouTube d\u00e9finit ce cookie pour stocker l'\u00e9tat du consentement de l'utilisateur en mati\u00e8re de cookies pour le domaine actuel.<\/li>\n<\/ul>\n\n\n\n<h3 class=\"wp-block-heading\">Autres cookies<\/h3>\n\n\n\n<p>Cette cat\u00e9gorie comprend les cookies qui n'entrent pas dans les autres cat\u00e9gories ou qui sont encore en cours de classification.<\/p>\n\n\n\n<h2 class=\"wp-block-heading\">Vos choix concernant les cookies<\/h2>\n\n\n\n<p>Vous pouvez contr\u00f4ler et\/ou supprimer les cookies comme vous le souhaitez - pour plus de d\u00e9tails, voir aboutcookies.org. Vous pouvez supprimer tous les cookies qui se trouvent d\u00e9j\u00e0 sur votre ordinateur et vous pouvez configurer la plupart des navigateurs pour emp\u00eacher leur installation. Toutefois, dans ce cas, il se peut que vous deviez ajuster manuellement certaines pr\u00e9f\u00e9rences \u00e0 chaque fois que vous visitez un site, et que certains services et fonctionnalit\u00e9s ne fonctionnent pas.<\/p>\n\n\n\n<h2 class=\"wp-block-heading\">Modifications de la pr\u00e9sente politique en mati\u00e8re de cookies<\/h2>\n\n\n\n<p>Nous pouvons mettre \u00e0 jour notre politique en mati\u00e8re de cookies de temps \u00e0 autre pour refl\u00e9ter les changements apport\u00e9s aux cookies que nous utilisons ou pour d'autres raisons op\u00e9rationnelles, juridiques ou r\u00e9glementaires. Nous vous invitons \u00e0 consulter r\u00e9guli\u00e8rement la pr\u00e9sente politique en mati\u00e8re de cookies pour vous tenir inform\u00e9s de notre utilisation des cookies et des technologies connexes.<\/p>\n\n\n\n<h2 class=\"wp-block-heading\">Nous contacter<\/h2>\n\n\n\n<p>Si vous avez des questions sur notre utilisation des cookies ou d'autres technologies, veuillez nous envoyer un courrier \u00e9lectronique \u00e0 l'adresse suivante&nbsp;<a href=\"mailto:info@nimd.org\">info@nimd.org<\/a>.<\/p>","protected":false},"excerpt":{"rendered":"<p>Le site web du NIMD utilise des cookies pour am\u00e9liorer l'exp\u00e9rience des utilisateurs et garantir son bon fonctionnement. Cette politique explique ce que sont les cookies, comment nous les utilisons, les types de cookies que nous utilisons et les choix qui s'offrent \u00e0 vous en ce qui concerne les cookies. Qu'est-ce qu'un cookie ? Les cookies sont de petits fichiers texte plac\u00e9s sur votre appareil par les sites web que vous visitez. ... <a href=\"https:\/\/nimd.org\/fr\/cookies\/\"><\/a><\/p>","protected":false},"author":2,"featured_media":0,"parent":0,"menu_order":0,"comment_status":"closed","ping_status":"closed","template":"","meta":{"_acf_changed":false,"inline_featured_image":false,"_monsterinsights_skip_tracking":false,"_monsterinsights_sitenote_active":false,"_monsterinsights_sitenote_note":"","_monsterinsights_sitenote_category":0,"footnotes":""},"class_list":["post-3","page","type-page","status-publish","hentry"],"acf":[],"yoast_head":"<!-- This site is optimized with the Yoast SEO Premium plugin v27.1 (Yoast SEO v27.1.1) - https:\/\/yoast.com\/product\/yoast-seo-premium-wordpress\/ -->\n<title>Cookie Policy - NIMD<\/title>\n<meta name=\"robots\" content=\"index, follow, max-snippet:-1, max-image-preview:large, max-video-preview:-1\" \/>\n<link rel=\"canonical\" href=\"https:\/\/nimd.org\/fr\/cookies\/\" \/>\n<meta property=\"og:locale\" content=\"fr_FR\" \/>\n<meta property=\"og:type\" content=\"article\" \/>\n<meta property=\"og:title\" content=\"Cookie Policy\" \/>\n<meta property=\"og:description\" content=\"NIMD\u2019s website uses cookies to improve user experience and ensure that it is functioning effectively. This policy explains what cookies are, how we use them, the types of cookies we use, and your choices regarding cookies. What are Cookies? Cookies are small text files that are placed on your device by websites that you visit. &hellip;\" \/>\n<meta property=\"og:url\" content=\"https:\/\/nimd.org\/fr\/cookies\/\" \/>\n<meta property=\"og:site_name\" content=\"NIMD\" \/>\n<meta property=\"article:modified_time\" content=\"2025-02-04T13:05:04+00:00\" \/>\n<meta name=\"twitter:card\" content=\"summary_large_image\" \/>\n<meta name=\"twitter:label1\" content=\"Dur\u00e9e de lecture estim\u00e9e\" \/>\n\t<meta name=\"twitter:data1\" content=\"3 minutes\" \/>\n<script type=\"application\/ld+json\" class=\"yoast-schema-graph\">{\"@context\":\"https:\/\/schema.org\",\"@graph\":[{\"@type\":\"WebPage\",\"@id\":\"https:\/\/nimd.org\/cookies\/\",\"url\":\"https:\/\/nimd.org\/cookies\/\",\"name\":\"Cookie Policy - NIMD\",\"isPartOf\":{\"@id\":\"https:\/\/nimd.org\/fr\/#website\"},\"datePublished\":\"2024-12-10T04:04:49+00:00\",\"dateModified\":\"2025-02-04T13:05:04+00:00\",\"breadcrumb\":{\"@id\":\"https:\/\/nimd.org\/cookies\/#breadcrumb\"},\"inLanguage\":\"fr-FR\",\"potentialAction\":[{\"@type\":\"ReadAction\",\"target\":[\"https:\/\/nimd.org\/cookies\/\"]}]},{\"@type\":\"BreadcrumbList\",\"@id\":\"https:\/\/nimd.org\/cookies\/#breadcrumb\",\"itemListElement\":[{\"@type\":\"ListItem\",\"position\":1,\"name\":\"Home\",\"item\":\"https:\/\/nimd.org\/fr\/\"},{\"@type\":\"ListItem\",\"position\":2,\"name\":\"Cookie Policy\"}]},{\"@type\":\"WebSite\",\"@id\":\"https:\/\/nimd.org\/fr\/#website\",\"url\":\"https:\/\/nimd.org\/fr\/\",\"name\":\"NIMD\",\"description\":\"Democracy Starts With Dialogue\",\"potentialAction\":[{\"@type\":\"SearchAction\",\"target\":{\"@type\":\"EntryPoint\",\"urlTemplate\":\"https:\/\/nimd.org\/fr\/?s={search_term_string}\"},\"query-input\":{\"@type\":\"PropertyValueSpecification\",\"valueRequired\":true,\"valueName\":\"search_term_string\"}}],\"inLanguage\":\"fr-FR\"}]}<\/script>\n<!-- \/ Yoast SEO Premium plugin. -->","yoast_head_json":{"title":"Politique en mati\u00e8re de cookies - NIMD","robots":{"index":"index","follow":"follow","max-snippet":"max-snippet:-1","max-image-preview":"max-image-preview:large","max-video-preview":"max-video-preview:-1"},"canonical":"https:\/\/nimd.org\/fr\/cookies\/","og_locale":"fr_FR","og_type":"article","og_title":"Cookie Policy","og_description":"NIMD\u2019s website uses cookies to improve user experience and ensure that it is functioning effectively. This policy explains what cookies are, how we use them, the types of cookies we use, and your choices regarding cookies. What are Cookies? Cookies are small text files that are placed on your device by websites that you visit. &hellip;","og_url":"https:\/\/nimd.org\/fr\/cookies\/","og_site_name":"NIMD","article_modified_time":"2025-02-04T13:05:04+00:00","twitter_card":"summary_large_image","twitter_misc":{"Dur\u00e9e de lecture estim\u00e9e":"3 minutes"},"schema":{"@context":"https:\/\/schema.org","@graph":[{"@type":"WebPage","@id":"https:\/\/nimd.org\/cookies\/","url":"https:\/\/nimd.org\/cookies\/","name":"Politique en mati\u00e8re de cookies - NIMD","isPartOf":{"@id":"https:\/\/nimd.org\/fr\/#website"},"datePublished":"2024-12-10T04:04:49+00:00","dateModified":"2025-02-04T13:05:04+00:00","breadcrumb":{"@id":"https:\/\/nimd.org\/cookies\/#breadcrumb"},"inLanguage":"fr-FR","potentialAction":[{"@type":"ReadAction","target":["https:\/\/nimd.org\/cookies\/"]}]},{"@type":"BreadcrumbList","@id":"https:\/\/nimd.org\/cookies\/#breadcrumb","itemListElement":[{"@type":"ListItem","position":1,"name":"Home","item":"https:\/\/nimd.org\/fr\/"},{"@type":"ListItem","position":2,"name":"Cookie Policy"}]},{"@type":"WebSite","@id":"https:\/\/nimd.org\/fr\/#website","url":"https:\/\/nimd.org\/fr\/","name":"NIMD","description":"La d\u00e9mocratie commence par le dialogue","potentialAction":[{"@type":"SearchAction","target":{"@type":"EntryPoint","urlTemplate":"https:\/\/nimd.org\/fr\/?s={search_term_string}"},"query-input":{"@type":"PropertyValueSpecification","valueRequired":true,"valueName":"search_term_string"}}],"inLanguage":"fr-FR"}]}},"_links":{"self":[{"href":"https:\/\/nimd.org\/fr\/wp-json\/wp\/v2\/pages\/3","targetHints":{"allow":["GET"]}}],"collection":[{"href":"https:\/\/nimd.org\/fr\/wp-json\/wp\/v2\/pages"}],"about":[{"href":"https:\/\/nimd.org\/fr\/wp-json\/wp\/v2\/types\/page"}],"author":[{"embeddable":true,"href":"https:\/\/nimd.org\/fr\/wp-json\/wp\/v2\/users\/2"}],"replies":[{"embeddable":true,"href":"https:\/\/nimd.org\/fr\/wp-json\/wp\/v2\/comments?post=3"}],"version-history":[{"count":13,"href":"https:\/\/nimd.org\/fr\/wp-json\/wp\/v2\/pages\/3\/revisions"}],"predecessor-version":[{"id":20135,"href":"https:\/\/nimd.org\/fr\/wp-json\/wp\/v2\/pages\/3\/revisions\/20135"}],"wp:attachment":[{"href":"https:\/\/nimd.org\/fr\/wp-json\/wp\/v2\/media?parent=3"}],"curies":[{"name":"wp","href":"https:\/\/api.w.org\/{rel}","templated":true}]}}