{"id":19503,"date":"2025-01-21T10:47:51","date_gmt":"2025-01-21T10:47:51","guid":{"rendered":"https:\/\/nimd.org\/?page_id=19503"},"modified":"2026-01-07T13:23:41","modified_gmt":"2026-01-07T13:23:41","slug":"dialogue","status":"publish","type":"page","link":"https:\/\/nimd.org\/fr\/what-we-do\/dialogue\/","title":{"rendered":"Dialogue"},"content":{"rendered":"<p>Au NIMD, nous pensons que la d\u00e9mocratie commence par le dialogue. Nous savons par exp\u00e9rience que lorsque les diff\u00e9rents groupes politiques se r\u00e9unissent pour dialoguer - entre eux, avec la soci\u00e9t\u00e9 civile ou avec la population en g\u00e9n\u00e9ral - un pays a beaucoup plus de chances de mettre en \u0153uvre des r\u00e9formes, de forger une paix durable et de cultiver une d\u00e9mocratie prosp\u00e8re et inclusive.\u00a0<\/p>\n\n\n\n<p><\/p>","protected":false},"excerpt":{"rendered":"<p>Au NIMD, nous pensons que la d\u00e9mocratie commence par le dialogue. Nous savons par exp\u00e9rience que lorsque les diff\u00e9rents groupes politiques se r\u00e9unissent pour dialoguer - entre eux, avec la soci\u00e9t\u00e9 civile ou avec la population en g\u00e9n\u00e9ral - un pays a beaucoup plus de chances de mettre en \u0153uvre des r\u00e9formes, de forger une paix durable et de cultiver une d\u00e9mocratie prosp\u00e8re et inclusive.\u00a0<\/p>","protected":false},"author":2,"featured_media":23403,"parent":16428,"menu_order":0,"comment_status":"closed","ping_status":"closed","template":"template-what-we-do-themes.blade.php","meta":{"_acf_changed":false,"inline_featured_image":false,"_monsterinsights_skip_tracking":false,"_monsterinsights_sitenote_active":false,"_monsterinsights_sitenote_note":"","_monsterinsights_sitenote_category":0,"footnotes":""},"class_list":["post-19503","page","type-page","status-publish","has-post-thumbnail","hentry"],"acf":[],"yoast_head":"<!-- This site is optimized with the Yoast SEO Premium plugin v27.1 (Yoast SEO v27.1.1) - https:\/\/yoast.com\/product\/yoast-seo-premium-wordpress\/ -->\n<title>Dialogue - NIMD<\/title>\n<meta name=\"robots\" content=\"index, follow, max-snippet:-1, max-image-preview:large, max-video-preview:-1\" \/>\n<link rel=\"canonical\" href=\"https:\/\/nimd.org\/fr\/what-we-do\/dialogue\/\" \/>\n<meta property=\"og:locale\" content=\"fr_FR\" \/>\n<meta property=\"og:type\" content=\"article\" \/>\n<meta property=\"og:title\" content=\"Dialogue\" \/>\n<meta property=\"og:description\" content=\"At NIMD, we believe that democracy starts with dialogue. We know from experience that when different political groups come together in dialogue \u2013 with each other, with civil society, or with their population in general \u2013 a country has a much greater chance of implementing reform, forging lasting peace, and cultivating a thriving inclusive democracy.\u00a0\" \/>\n<meta property=\"og:url\" content=\"https:\/\/nimd.org\/fr\/what-we-do\/dialogue\/\" \/>\n<meta property=\"og:site_name\" content=\"NIMD\" \/>\n<meta property=\"article:modified_time\" content=\"2026-01-07T13:23:41+00:00\" \/>\n<meta property=\"og:image\" content=\"https:\/\/nimd.org\/wp-content\/uploads\/2025\/02\/Dialogue-photo-scaled.jpg\" \/>\n\t<meta property=\"og:image:width\" content=\"2560\" \/>\n\t<meta property=\"og:image:height\" content=\"1707\" \/>\n\t<meta property=\"og:image:type\" content=\"image\/jpeg\" \/>\n<meta name=\"twitter:card\" content=\"summary_large_image\" \/>\n<meta name=\"twitter:label1\" content=\"Dur\u00e9e de lecture estim\u00e9e\" \/>\n\t<meta name=\"twitter:data1\" content=\"1 minute\" \/>\n<script type=\"application\/ld+json\" class=\"yoast-schema-graph\">{\"@context\":\"https:\/\/schema.org\",\"@graph\":[{\"@type\":\"WebPage\",\"@id\":\"https:\/\/nimd.org\/what-we-do\/dialogue\/\",\"url\":\"https:\/\/nimd.org\/what-we-do\/dialogue\/\",\"name\":\"Dialogue - NIMD\",\"isPartOf\":{\"@id\":\"https:\/\/nimd.org\/fr\/#website\"},\"primaryImageOfPage\":{\"@id\":\"https:\/\/nimd.org\/what-we-do\/dialogue\/#primaryimage\"},\"image\":{\"@id\":\"https:\/\/nimd.org\/what-we-do\/dialogue\/#primaryimage\"},\"thumbnailUrl\":\"https:\/\/nimd.org\/wp-content\/uploads\/2025\/02\/Dialogue-photo-scaled.jpg\",\"datePublished\":\"2025-01-21T10:47:51+00:00\",\"dateModified\":\"2026-01-07T13:23:41+00:00\",\"breadcrumb\":{\"@id\":\"https:\/\/nimd.org\/what-we-do\/dialogue\/#breadcrumb\"},\"inLanguage\":\"fr-FR\",\"potentialAction\":[{\"@type\":\"ReadAction\",\"target\":[\"https:\/\/nimd.org\/what-we-do\/dialogue\/\"]}]},{\"@type\":\"ImageObject\",\"inLanguage\":\"fr-FR\",\"@id\":\"https:\/\/nimd.org\/what-we-do\/dialogue\/#primaryimage\",\"url\":\"https:\/\/nimd.org\/wp-content\/uploads\/2025\/02\/Dialogue-photo-scaled.jpg\",\"contentUrl\":\"https:\/\/nimd.org\/wp-content\/uploads\/2025\/02\/Dialogue-photo-scaled.jpg\",\"width\":2560,\"height\":1707},{\"@type\":\"BreadcrumbList\",\"@id\":\"https:\/\/nimd.org\/what-we-do\/dialogue\/#breadcrumb\",\"itemListElement\":[{\"@type\":\"ListItem\",\"position\":1,\"name\":\"Home\",\"item\":\"https:\/\/nimd.org\/fr\/\"},{\"@type\":\"ListItem\",\"position\":2,\"name\":\"What we do\",\"item\":\"https:\/\/nimd.org\/what-we-do\/\"},{\"@type\":\"ListItem\",\"position\":3,\"name\":\"Dialogue\"}]},{\"@type\":\"WebSite\",\"@id\":\"https:\/\/nimd.org\/fr\/#website\",\"url\":\"https:\/\/nimd.org\/fr\/\",\"name\":\"NIMD\",\"description\":\"Democracy Starts With Dialogue\",\"potentialAction\":[{\"@type\":\"SearchAction\",\"target\":{\"@type\":\"EntryPoint\",\"urlTemplate\":\"https:\/\/nimd.org\/fr\/?s={search_term_string}\"},\"query-input\":{\"@type\":\"PropertyValueSpecification\",\"valueRequired\":true,\"valueName\":\"search_term_string\"}}],\"inLanguage\":\"fr-FR\"}]}<\/script>\n<!-- \/ Yoast SEO Premium plugin. -->","yoast_head_json":{"title":"Dialogue - NIMD","robots":{"index":"index","follow":"follow","max-snippet":"max-snippet:-1","max-image-preview":"max-image-preview:large","max-video-preview":"max-video-preview:-1"},"canonical":"https:\/\/nimd.org\/fr\/what-we-do\/dialogue\/","og_locale":"fr_FR","og_type":"article","og_title":"Dialogue","og_description":"At NIMD, we believe that democracy starts with dialogue. We know from experience that when different political groups come together in dialogue \u2013 with each other, with civil society, or with their population in general \u2013 a country has a much greater chance of implementing reform, forging lasting peace, and cultivating a thriving inclusive democracy.\u00a0","og_url":"https:\/\/nimd.org\/fr\/what-we-do\/dialogue\/","og_site_name":"NIMD","article_modified_time":"2026-01-07T13:23:41+00:00","og_image":[{"width":2560,"height":1707,"url":"https:\/\/nimd.org\/wp-content\/uploads\/2025\/02\/Dialogue-photo-scaled.jpg","type":"image\/jpeg"}],"twitter_card":"summary_large_image","twitter_misc":{"Dur\u00e9e de lecture estim\u00e9e":"1 minute"},"schema":{"@context":"https:\/\/schema.org","@graph":[{"@type":"WebPage","@id":"https:\/\/nimd.org\/what-we-do\/dialogue\/","url":"https:\/\/nimd.org\/what-we-do\/dialogue\/","name":"Dialogue - NIMD","isPartOf":{"@id":"https:\/\/nimd.org\/fr\/#website"},"primaryImageOfPage":{"@id":"https:\/\/nimd.org\/what-we-do\/dialogue\/#primaryimage"},"image":{"@id":"https:\/\/nimd.org\/what-we-do\/dialogue\/#primaryimage"},"thumbnailUrl":"https:\/\/nimd.org\/wp-content\/uploads\/2025\/02\/Dialogue-photo-scaled.jpg","datePublished":"2025-01-21T10:47:51+00:00","dateModified":"2026-01-07T13:23:41+00:00","breadcrumb":{"@id":"https:\/\/nimd.org\/what-we-do\/dialogue\/#breadcrumb"},"inLanguage":"fr-FR","potentialAction":[{"@type":"ReadAction","target":["https:\/\/nimd.org\/what-we-do\/dialogue\/"]}]},{"@type":"ImageObject","inLanguage":"fr-FR","@id":"https:\/\/nimd.org\/what-we-do\/dialogue\/#primaryimage","url":"https:\/\/nimd.org\/wp-content\/uploads\/2025\/02\/Dialogue-photo-scaled.jpg","contentUrl":"https:\/\/nimd.org\/wp-content\/uploads\/2025\/02\/Dialogue-photo-scaled.jpg","width":2560,"height":1707},{"@type":"BreadcrumbList","@id":"https:\/\/nimd.org\/what-we-do\/dialogue\/#breadcrumb","itemListElement":[{"@type":"ListItem","position":1,"name":"Home","item":"https:\/\/nimd.org\/fr\/"},{"@type":"ListItem","position":2,"name":"What we do","item":"https:\/\/nimd.org\/what-we-do\/"},{"@type":"ListItem","position":3,"name":"Dialogue"}]},{"@type":"WebSite","@id":"https:\/\/nimd.org\/fr\/#website","url":"https:\/\/nimd.org\/fr\/","name":"NIMD","description":"La d\u00e9mocratie commence par le dialogue","potentialAction":[{"@type":"SearchAction","target":{"@type":"EntryPoint","urlTemplate":"https:\/\/nimd.org\/fr\/?s={search_term_string}"},"query-input":{"@type":"PropertyValueSpecification","valueRequired":true,"valueName":"search_term_string"}}],"inLanguage":"fr-FR"}]}},"_links":{"self":[{"href":"https:\/\/nimd.org\/fr\/wp-json\/wp\/v2\/pages\/19503","targetHints":{"allow":["GET"]}}],"collection":[{"href":"https:\/\/nimd.org\/fr\/wp-json\/wp\/v2\/pages"}],"about":[{"href":"https:\/\/nimd.org\/fr\/wp-json\/wp\/v2\/types\/page"}],"author":[{"embeddable":true,"href":"https:\/\/nimd.org\/fr\/wp-json\/wp\/v2\/users\/2"}],"replies":[{"embeddable":true,"href":"https:\/\/nimd.org\/fr\/wp-json\/wp\/v2\/comments?post=19503"}],"version-history":[{"count":21,"href":"https:\/\/nimd.org\/fr\/wp-json\/wp\/v2\/pages\/19503\/revisions"}],"predecessor-version":[{"id":26250,"href":"https:\/\/nimd.org\/fr\/wp-json\/wp\/v2\/pages\/19503\/revisions\/26250"}],"up":[{"embeddable":true,"href":"https:\/\/nimd.org\/fr\/wp-json\/wp\/v2\/pages\/16428"}],"wp:featuredmedia":[{"embeddable":true,"href":"https:\/\/nimd.org\/fr\/wp-json\/wp\/v2\/media\/23403"}],"wp:attachment":[{"href":"https:\/\/nimd.org\/fr\/wp-json\/wp\/v2\/media?parent=19503"}],"curies":[{"name":"wp","href":"https:\/\/api.w.org\/{rel}","templated":true}]}}