{"id":19499,"date":"2025-01-21T09:17:11","date_gmt":"2025-01-21T09:17:11","guid":{"rendered":"https:\/\/nimd.org\/?page_id=19499"},"modified":"2026-01-07T13:22:02","modified_gmt":"2026-01-07T13:22:02","slug":"democracy-education","status":"publish","type":"page","link":"https:\/\/nimd.org\/fr\/what-we-do\/democracy-education\/","title":{"rendered":"D\u00e9mocratie et \u00e9ducation"},"content":{"rendered":"<h2 class=\"wp-block-heading\">Nous vivons \u00e0 une \u00e9poque marqu\u00e9e par des bouleversements sociaux, des crises climatiques, des conflits et la diffusion de fausses informations. Pour faire face \u00e0 ces d\u00e9fis, nous avons besoin d'une culture d\u00e9mocratique r\u00e9siliente. Une culture qui inclut le respect mutuel, la responsabilit\u00e9 et l'engagement constructif peut permettre aux soci\u00e9t\u00e9s de r\u00e9soudre les diff\u00e9rends, de relever des d\u00e9fis complexes et de prot\u00e9ger les libert\u00e9s fondamentales.<\/h2>\n\n\n\n<p><\/p>","protected":false},"excerpt":{"rendered":"<p>Nous vivons \u00e0 une \u00e9poque marqu\u00e9e par des bouleversements sociaux, des crises climatiques, des conflits et la diffusion de fausses informations. Pour faire face \u00e0 ces d\u00e9fis, nous avons besoin d'une culture d\u00e9mocratique r\u00e9siliente. Une culture qui inclut le respect mutuel, la responsabilit\u00e9 et l'engagement constructif peut permettre aux soci\u00e9t\u00e9s de r\u00e9soudre les diff\u00e9rends, de relever des d\u00e9fis complexes et de prot\u00e9ger les libert\u00e9s fondamentales.<\/p>","protected":false},"author":2,"featured_media":19981,"parent":16428,"menu_order":0,"comment_status":"closed","ping_status":"closed","template":"template-what-we-do-themes.blade.php","meta":{"_acf_changed":false,"inline_featured_image":false,"_monsterinsights_skip_tracking":false,"_monsterinsights_sitenote_active":false,"_monsterinsights_sitenote_note":"","_monsterinsights_sitenote_category":0,"footnotes":""},"class_list":["post-19499","page","type-page","status-publish","has-post-thumbnail","hentry"],"acf":[],"yoast_head":"<!-- This site is optimized with the Yoast SEO Premium plugin v27.1 (Yoast SEO v27.1.1) - https:\/\/yoast.com\/product\/yoast-seo-premium-wordpress\/ -->\n<title>Democracy Education - NIMD<\/title>\n<meta name=\"robots\" content=\"index, follow, max-snippet:-1, max-image-preview:large, max-video-preview:-1\" \/>\n<link rel=\"canonical\" href=\"https:\/\/nimd.org\/fr\/what-we-do\/democracy-education\/\" \/>\n<meta property=\"og:locale\" content=\"fr_FR\" \/>\n<meta property=\"og:type\" content=\"article\" \/>\n<meta property=\"og:title\" content=\"Democracy Education\" \/>\n<meta property=\"og:description\" content=\"We live in an era marked by social upheaval, climate crises, conflicts and the spread of misinformation. To face up to these challenges, we need a resilient democratic culture. A culture which includes mutual respect, accountability and constructive engagement can enable societies to resolve disputes, address complex challenges and protect fundamental freedoms.\" \/>\n<meta property=\"og:url\" content=\"https:\/\/nimd.org\/fr\/what-we-do\/democracy-education\/\" \/>\n<meta property=\"og:site_name\" content=\"NIMD\" \/>\n<meta property=\"article:modified_time\" content=\"2026-01-07T13:22:02+00:00\" \/>\n<meta property=\"og:image\" content=\"https:\/\/nimd.org\/wp-content\/uploads\/2025\/02\/RP_BW.jpg\" \/>\n\t<meta property=\"og:image:width\" content=\"1080\" \/>\n\t<meta property=\"og:image:height\" content=\"648\" \/>\n\t<meta property=\"og:image:type\" content=\"image\/jpeg\" \/>\n<meta name=\"twitter:card\" content=\"summary_large_image\" \/>\n<meta name=\"twitter:label1\" content=\"Dur\u00e9e de lecture estim\u00e9e\" \/>\n\t<meta name=\"twitter:data1\" content=\"1 minute\" \/>\n<script type=\"application\/ld+json\" class=\"yoast-schema-graph\">{\"@context\":\"https:\/\/schema.org\",\"@graph\":[{\"@type\":\"WebPage\",\"@id\":\"https:\/\/nimd.org\/what-we-do\/democracy-education\/\",\"url\":\"https:\/\/nimd.org\/what-we-do\/democracy-education\/\",\"name\":\"Democracy Education - NIMD\",\"isPartOf\":{\"@id\":\"https:\/\/nimd.org\/fr\/#website\"},\"primaryImageOfPage\":{\"@id\":\"https:\/\/nimd.org\/what-we-do\/democracy-education\/#primaryimage\"},\"image\":{\"@id\":\"https:\/\/nimd.org\/what-we-do\/democracy-education\/#primaryimage\"},\"thumbnailUrl\":\"https:\/\/nimd.org\/wp-content\/uploads\/2025\/02\/RP_BW.jpg\",\"datePublished\":\"2025-01-21T09:17:11+00:00\",\"dateModified\":\"2026-01-07T13:22:02+00:00\",\"breadcrumb\":{\"@id\":\"https:\/\/nimd.org\/what-we-do\/democracy-education\/#breadcrumb\"},\"inLanguage\":\"fr-FR\",\"potentialAction\":[{\"@type\":\"ReadAction\",\"target\":[\"https:\/\/nimd.org\/what-we-do\/democracy-education\/\"]}]},{\"@type\":\"ImageObject\",\"inLanguage\":\"fr-FR\",\"@id\":\"https:\/\/nimd.org\/what-we-do\/democracy-education\/#primaryimage\",\"url\":\"https:\/\/nimd.org\/wp-content\/uploads\/2025\/02\/RP_BW.jpg\",\"contentUrl\":\"https:\/\/nimd.org\/wp-content\/uploads\/2025\/02\/RP_BW.jpg\",\"width\":1080,\"height\":648},{\"@type\":\"BreadcrumbList\",\"@id\":\"https:\/\/nimd.org\/what-we-do\/democracy-education\/#breadcrumb\",\"itemListElement\":[{\"@type\":\"ListItem\",\"position\":1,\"name\":\"Home\",\"item\":\"https:\/\/nimd.org\/fr\/\"},{\"@type\":\"ListItem\",\"position\":2,\"name\":\"What we do\",\"item\":\"https:\/\/nimd.org\/what-we-do\/\"},{\"@type\":\"ListItem\",\"position\":3,\"name\":\"Democracy Education\"}]},{\"@type\":\"WebSite\",\"@id\":\"https:\/\/nimd.org\/fr\/#website\",\"url\":\"https:\/\/nimd.org\/fr\/\",\"name\":\"NIMD\",\"description\":\"Democracy Starts With Dialogue\",\"potentialAction\":[{\"@type\":\"SearchAction\",\"target\":{\"@type\":\"EntryPoint\",\"urlTemplate\":\"https:\/\/nimd.org\/fr\/?s={search_term_string}\"},\"query-input\":{\"@type\":\"PropertyValueSpecification\",\"valueRequired\":true,\"valueName\":\"search_term_string\"}}],\"inLanguage\":\"fr-FR\"}]}<\/script>\n<!-- \/ Yoast SEO Premium plugin. -->","yoast_head_json":{"title":"\u00c9ducation \u00e0 la d\u00e9mocratie - NIMD","robots":{"index":"index","follow":"follow","max-snippet":"max-snippet:-1","max-image-preview":"max-image-preview:large","max-video-preview":"max-video-preview:-1"},"canonical":"https:\/\/nimd.org\/fr\/what-we-do\/democracy-education\/","og_locale":"fr_FR","og_type":"article","og_title":"Democracy Education","og_description":"We live in an era marked by social upheaval, climate crises, conflicts and the spread of misinformation. To face up to these challenges, we need a resilient democratic culture. A culture which includes mutual respect, accountability and constructive engagement can enable societies to resolve disputes, address complex challenges and protect fundamental freedoms.","og_url":"https:\/\/nimd.org\/fr\/what-we-do\/democracy-education\/","og_site_name":"NIMD","article_modified_time":"2026-01-07T13:22:02+00:00","og_image":[{"width":1080,"height":648,"url":"https:\/\/nimd.org\/wp-content\/uploads\/2025\/02\/RP_BW.jpg","type":"image\/jpeg"}],"twitter_card":"summary_large_image","twitter_misc":{"Dur\u00e9e de lecture estim\u00e9e":"1 minute"},"schema":{"@context":"https:\/\/schema.org","@graph":[{"@type":"WebPage","@id":"https:\/\/nimd.org\/what-we-do\/democracy-education\/","url":"https:\/\/nimd.org\/what-we-do\/democracy-education\/","name":"\u00c9ducation \u00e0 la d\u00e9mocratie - NIMD","isPartOf":{"@id":"https:\/\/nimd.org\/fr\/#website"},"primaryImageOfPage":{"@id":"https:\/\/nimd.org\/what-we-do\/democracy-education\/#primaryimage"},"image":{"@id":"https:\/\/nimd.org\/what-we-do\/democracy-education\/#primaryimage"},"thumbnailUrl":"https:\/\/nimd.org\/wp-content\/uploads\/2025\/02\/RP_BW.jpg","datePublished":"2025-01-21T09:17:11+00:00","dateModified":"2026-01-07T13:22:02+00:00","breadcrumb":{"@id":"https:\/\/nimd.org\/what-we-do\/democracy-education\/#breadcrumb"},"inLanguage":"fr-FR","potentialAction":[{"@type":"ReadAction","target":["https:\/\/nimd.org\/what-we-do\/democracy-education\/"]}]},{"@type":"ImageObject","inLanguage":"fr-FR","@id":"https:\/\/nimd.org\/what-we-do\/democracy-education\/#primaryimage","url":"https:\/\/nimd.org\/wp-content\/uploads\/2025\/02\/RP_BW.jpg","contentUrl":"https:\/\/nimd.org\/wp-content\/uploads\/2025\/02\/RP_BW.jpg","width":1080,"height":648},{"@type":"BreadcrumbList","@id":"https:\/\/nimd.org\/what-we-do\/democracy-education\/#breadcrumb","itemListElement":[{"@type":"ListItem","position":1,"name":"Home","item":"https:\/\/nimd.org\/fr\/"},{"@type":"ListItem","position":2,"name":"What we do","item":"https:\/\/nimd.org\/what-we-do\/"},{"@type":"ListItem","position":3,"name":"Democracy Education"}]},{"@type":"WebSite","@id":"https:\/\/nimd.org\/fr\/#website","url":"https:\/\/nimd.org\/fr\/","name":"NIMD","description":"La d\u00e9mocratie commence par le dialogue","potentialAction":[{"@type":"SearchAction","target":{"@type":"EntryPoint","urlTemplate":"https:\/\/nimd.org\/fr\/?s={search_term_string}"},"query-input":{"@type":"PropertyValueSpecification","valueRequired":true,"valueName":"search_term_string"}}],"inLanguage":"fr-FR"}]}},"_links":{"self":[{"href":"https:\/\/nimd.org\/fr\/wp-json\/wp\/v2\/pages\/19499","targetHints":{"allow":["GET"]}}],"collection":[{"href":"https:\/\/nimd.org\/fr\/wp-json\/wp\/v2\/pages"}],"about":[{"href":"https:\/\/nimd.org\/fr\/wp-json\/wp\/v2\/types\/page"}],"author":[{"embeddable":true,"href":"https:\/\/nimd.org\/fr\/wp-json\/wp\/v2\/users\/2"}],"replies":[{"embeddable":true,"href":"https:\/\/nimd.org\/fr\/wp-json\/wp\/v2\/comments?post=19499"}],"version-history":[{"count":45,"href":"https:\/\/nimd.org\/fr\/wp-json\/wp\/v2\/pages\/19499\/revisions"}],"predecessor-version":[{"id":26246,"href":"https:\/\/nimd.org\/fr\/wp-json\/wp\/v2\/pages\/19499\/revisions\/26246"}],"up":[{"embeddable":true,"href":"https:\/\/nimd.org\/fr\/wp-json\/wp\/v2\/pages\/16428"}],"wp:featuredmedia":[{"embeddable":true,"href":"https:\/\/nimd.org\/fr\/wp-json\/wp\/v2\/media\/19981"}],"wp:attachment":[{"href":"https:\/\/nimd.org\/fr\/wp-json\/wp\/v2\/media?parent=19499"}],"curies":[{"name":"wp","href":"https:\/\/api.w.org\/{rel}","templated":true}]}}