{"id":16431,"date":"2025-01-15T05:02:15","date_gmt":"2025-01-15T05:02:15","guid":{"rendered":"https:\/\/nimd.org\/?page_id=16431"},"modified":"2026-02-16T13:44:24","modified_gmt":"2026-02-16T13:44:24","slug":"women-in-politics","status":"publish","type":"page","link":"https:\/\/nimd.org\/fr\/what-we-do\/women-in-politics\/","title":{"rendered":"Les femmes en politique"},"content":{"rendered":"<p>Dans le cadre de son objectif plus large d'accro\u00eetre la participation politique des groupes structurellement sous-repr\u00e9sent\u00e9s, le NIMD s'efforce de promouvoir la participation des femmes \u00e0 la vie politique. La participation politique des femmes, dans toute leur diversit\u00e9, est essentielle \u00e0 toute d\u00e9mocratie inclusive et r\u00e9active.&nbsp;<\/p>\n\n\n\n<p><\/p>","protected":false},"excerpt":{"rendered":"<p>Dans le cadre de son objectif plus large d'accro\u00eetre la participation politique des groupes structurellement sous-repr\u00e9sent\u00e9s, le NIMD s'efforce de promouvoir la participation des femmes \u00e0 la vie politique. La participation politique des femmes, dans toute leur diversit\u00e9, est essentielle \u00e0 toute d\u00e9mocratie inclusive et r\u00e9active.&nbsp;<\/p>","protected":false},"author":2,"featured_media":19975,"parent":16428,"menu_order":0,"comment_status":"closed","ping_status":"closed","template":"template-what-we-do-themes.blade.php","meta":{"_acf_changed":false,"inline_featured_image":false,"_monsterinsights_skip_tracking":false,"_monsterinsights_sitenote_active":false,"_monsterinsights_sitenote_note":"","_monsterinsights_sitenote_category":0,"footnotes":""},"class_list":["post-16431","page","type-page","status-publish","has-post-thumbnail","hentry"],"acf":[],"yoast_head":"<!-- This site is optimized with the Yoast SEO Premium plugin v27.1 (Yoast SEO v27.1.1) - https:\/\/yoast.com\/product\/yoast-seo-premium-wordpress\/ -->\n<title>Women in Politics - NIMD<\/title>\n<meta name=\"robots\" content=\"index, follow, max-snippet:-1, max-image-preview:large, max-video-preview:-1\" \/>\n<link rel=\"canonical\" href=\"https:\/\/nimd.org\/fr\/what-we-do\/women-in-politics\/\" \/>\n<meta property=\"og:locale\" content=\"fr_FR\" \/>\n<meta property=\"og:type\" content=\"article\" \/>\n<meta property=\"og:title\" content=\"Women in Politics\" \/>\n<meta property=\"og:description\" content=\"As part of our wider objective of increasing political participation among structurally under-represented groups, NIMD works to promote the participation of women in politics. The political participation of women, in all their diversity, is essential for any inclusive and responsive democracy.&nbsp;\" \/>\n<meta property=\"og:url\" content=\"https:\/\/nimd.org\/fr\/what-we-do\/women-in-politics\/\" \/>\n<meta property=\"og:site_name\" content=\"NIMD\" \/>\n<meta property=\"article:modified_time\" content=\"2026-02-16T13:44:24+00:00\" \/>\n<meta property=\"og:image\" content=\"https:\/\/nimd.org\/wp-content\/uploads\/2025\/02\/WiP_BW.jpg\" \/>\n\t<meta property=\"og:image:width\" content=\"1080\" \/>\n\t<meta property=\"og:image:height\" content=\"648\" \/>\n\t<meta property=\"og:image:type\" content=\"image\/jpeg\" \/>\n<meta name=\"twitter:card\" content=\"summary_large_image\" \/>\n<meta name=\"twitter:label1\" content=\"Dur\u00e9e de lecture estim\u00e9e\" \/>\n\t<meta name=\"twitter:data1\" content=\"1 minute\" \/>\n<script type=\"application\/ld+json\" class=\"yoast-schema-graph\">{\"@context\":\"https:\/\/schema.org\",\"@graph\":[{\"@type\":\"WebPage\",\"@id\":\"https:\/\/nimd.org\/what-we-do\/women-in-politics\/\",\"url\":\"https:\/\/nimd.org\/what-we-do\/women-in-politics\/\",\"name\":\"Women in Politics - NIMD\",\"isPartOf\":{\"@id\":\"https:\/\/nimd.org\/fr\/#website\"},\"primaryImageOfPage\":{\"@id\":\"https:\/\/nimd.org\/what-we-do\/women-in-politics\/#primaryimage\"},\"image\":{\"@id\":\"https:\/\/nimd.org\/what-we-do\/women-in-politics\/#primaryimage\"},\"thumbnailUrl\":\"https:\/\/nimd.org\/wp-content\/uploads\/2025\/02\/WiP_BW.jpg\",\"datePublished\":\"2025-01-15T05:02:15+00:00\",\"dateModified\":\"2026-02-16T13:44:24+00:00\",\"breadcrumb\":{\"@id\":\"https:\/\/nimd.org\/what-we-do\/women-in-politics\/#breadcrumb\"},\"inLanguage\":\"fr-FR\",\"potentialAction\":[{\"@type\":\"ReadAction\",\"target\":[\"https:\/\/nimd.org\/what-we-do\/women-in-politics\/\"]}]},{\"@type\":\"ImageObject\",\"inLanguage\":\"fr-FR\",\"@id\":\"https:\/\/nimd.org\/what-we-do\/women-in-politics\/#primaryimage\",\"url\":\"https:\/\/nimd.org\/wp-content\/uploads\/2025\/02\/WiP_BW.jpg\",\"contentUrl\":\"https:\/\/nimd.org\/wp-content\/uploads\/2025\/02\/WiP_BW.jpg\",\"width\":1080,\"height\":648},{\"@type\":\"BreadcrumbList\",\"@id\":\"https:\/\/nimd.org\/what-we-do\/women-in-politics\/#breadcrumb\",\"itemListElement\":[{\"@type\":\"ListItem\",\"position\":1,\"name\":\"Home\",\"item\":\"https:\/\/nimd.org\/fr\/\"},{\"@type\":\"ListItem\",\"position\":2,\"name\":\"What we do\",\"item\":\"https:\/\/nimd.org\/what-we-do\/\"},{\"@type\":\"ListItem\",\"position\":3,\"name\":\"Women in Politics\"}]},{\"@type\":\"WebSite\",\"@id\":\"https:\/\/nimd.org\/fr\/#website\",\"url\":\"https:\/\/nimd.org\/fr\/\",\"name\":\"NIMD\",\"description\":\"Democracy Starts With Dialogue\",\"potentialAction\":[{\"@type\":\"SearchAction\",\"target\":{\"@type\":\"EntryPoint\",\"urlTemplate\":\"https:\/\/nimd.org\/fr\/?s={search_term_string}\"},\"query-input\":{\"@type\":\"PropertyValueSpecification\",\"valueRequired\":true,\"valueName\":\"search_term_string\"}}],\"inLanguage\":\"fr-FR\"}]}<\/script>\n<!-- \/ Yoast SEO Premium plugin. -->","yoast_head_json":{"title":"Les femmes en politique - NIMD","robots":{"index":"index","follow":"follow","max-snippet":"max-snippet:-1","max-image-preview":"max-image-preview:large","max-video-preview":"max-video-preview:-1"},"canonical":"https:\/\/nimd.org\/fr\/what-we-do\/women-in-politics\/","og_locale":"fr_FR","og_type":"article","og_title":"Women in Politics","og_description":"As part of our wider objective of increasing political participation among structurally under-represented groups, NIMD works to promote the participation of women in politics. The political participation of women, in all their diversity, is essential for any inclusive and responsive democracy.&nbsp;","og_url":"https:\/\/nimd.org\/fr\/what-we-do\/women-in-politics\/","og_site_name":"NIMD","article_modified_time":"2026-02-16T13:44:24+00:00","og_image":[{"width":1080,"height":648,"url":"https:\/\/nimd.org\/wp-content\/uploads\/2025\/02\/WiP_BW.jpg","type":"image\/jpeg"}],"twitter_card":"summary_large_image","twitter_misc":{"Dur\u00e9e de lecture estim\u00e9e":"1 minute"},"schema":{"@context":"https:\/\/schema.org","@graph":[{"@type":"WebPage","@id":"https:\/\/nimd.org\/what-we-do\/women-in-politics\/","url":"https:\/\/nimd.org\/what-we-do\/women-in-politics\/","name":"Les femmes en politique - NIMD","isPartOf":{"@id":"https:\/\/nimd.org\/fr\/#website"},"primaryImageOfPage":{"@id":"https:\/\/nimd.org\/what-we-do\/women-in-politics\/#primaryimage"},"image":{"@id":"https:\/\/nimd.org\/what-we-do\/women-in-politics\/#primaryimage"},"thumbnailUrl":"https:\/\/nimd.org\/wp-content\/uploads\/2025\/02\/WiP_BW.jpg","datePublished":"2025-01-15T05:02:15+00:00","dateModified":"2026-02-16T13:44:24+00:00","breadcrumb":{"@id":"https:\/\/nimd.org\/what-we-do\/women-in-politics\/#breadcrumb"},"inLanguage":"fr-FR","potentialAction":[{"@type":"ReadAction","target":["https:\/\/nimd.org\/what-we-do\/women-in-politics\/"]}]},{"@type":"ImageObject","inLanguage":"fr-FR","@id":"https:\/\/nimd.org\/what-we-do\/women-in-politics\/#primaryimage","url":"https:\/\/nimd.org\/wp-content\/uploads\/2025\/02\/WiP_BW.jpg","contentUrl":"https:\/\/nimd.org\/wp-content\/uploads\/2025\/02\/WiP_BW.jpg","width":1080,"height":648},{"@type":"BreadcrumbList","@id":"https:\/\/nimd.org\/what-we-do\/women-in-politics\/#breadcrumb","itemListElement":[{"@type":"ListItem","position":1,"name":"Home","item":"https:\/\/nimd.org\/fr\/"},{"@type":"ListItem","position":2,"name":"What we do","item":"https:\/\/nimd.org\/what-we-do\/"},{"@type":"ListItem","position":3,"name":"Women in Politics"}]},{"@type":"WebSite","@id":"https:\/\/nimd.org\/fr\/#website","url":"https:\/\/nimd.org\/fr\/","name":"NIMD","description":"La d\u00e9mocratie commence par le dialogue","potentialAction":[{"@type":"SearchAction","target":{"@type":"EntryPoint","urlTemplate":"https:\/\/nimd.org\/fr\/?s={search_term_string}"},"query-input":{"@type":"PropertyValueSpecification","valueRequired":true,"valueName":"search_term_string"}}],"inLanguage":"fr-FR"}]}},"_links":{"self":[{"href":"https:\/\/nimd.org\/fr\/wp-json\/wp\/v2\/pages\/16431","targetHints":{"allow":["GET"]}}],"collection":[{"href":"https:\/\/nimd.org\/fr\/wp-json\/wp\/v2\/pages"}],"about":[{"href":"https:\/\/nimd.org\/fr\/wp-json\/wp\/v2\/types\/page"}],"author":[{"embeddable":true,"href":"https:\/\/nimd.org\/fr\/wp-json\/wp\/v2\/users\/2"}],"replies":[{"embeddable":true,"href":"https:\/\/nimd.org\/fr\/wp-json\/wp\/v2\/comments?post=16431"}],"version-history":[{"count":46,"href":"https:\/\/nimd.org\/fr\/wp-json\/wp\/v2\/pages\/16431\/revisions"}],"predecessor-version":[{"id":26328,"href":"https:\/\/nimd.org\/fr\/wp-json\/wp\/v2\/pages\/16431\/revisions\/26328"}],"up":[{"embeddable":true,"href":"https:\/\/nimd.org\/fr\/wp-json\/wp\/v2\/pages\/16428"}],"wp:featuredmedia":[{"embeddable":true,"href":"https:\/\/nimd.org\/fr\/wp-json\/wp\/v2\/media\/19975"}],"wp:attachment":[{"href":"https:\/\/nimd.org\/fr\/wp-json\/wp\/v2\/media?parent=16431"}],"curies":[{"name":"wp","href":"https:\/\/api.w.org\/{rel}","templated":true}]}}