{"id":3,"date":"2024-12-10T04:04:49","date_gmt":"2024-12-10T04:04:49","guid":{"rendered":"https:\/\/nimd.org\/?page_id=3"},"modified":"2025-02-04T13:05:04","modified_gmt":"2025-02-04T13:05:04","slug":"cookies","status":"publish","type":"page","link":"https:\/\/nimd.org\/es\/cookies\/","title":{"rendered":"Pol\u00edtica de cookies"},"content":{"rendered":"<p>El sitio web de NIMD utiliza cookies para mejorar la experiencia del usuario y garantizar su funcionamiento eficaz. Esta pol\u00edtica explica qu\u00e9 son las cookies, c\u00f3mo las utilizamos, los tipos de cookies que utilizamos y sus opciones en relaci\u00f3n con las cookies.<\/p>\n\n\n\n<h2 class=\"wp-block-heading\">\u00bfQu\u00e9 son las cookies?<\/h2>\n\n\n\n<p>Las cookies son peque\u00f1os archivos de texto que los sitios web que visita colocan en su dispositivo. Se utilizan ampliamente para hacer que los sitios web funcionen, o funcionen de manera m\u00e1s eficiente, as\u00ed como para proporcionar informaci\u00f3n a los propietarios del sitio.<\/p>\n\n\n\n<h2 class=\"wp-block-heading\">Tipos de cookies que utilizamos<\/h2>\n\n\n\n<h3 class=\"wp-block-heading\">Cookies necesarias<\/h3>\n\n\n\n<p>Estas cookies son esenciales para que el sitio web funcione correctamente. Garantizan las funcionalidades b\u00e1sicas y las caracter\u00edsticas de seguridad del sitio web. Las cookies necesarias est\u00e1n siempre activadas.<\/p>\n\n\n\n<ul class=\"wp-block-list\">\n<li><em>wpEmojiSettingsSupports&nbsp;<\/em>(sesi\u00f3n) - WordPress establece esta cookie cuando un usuario interact\u00faa con emojis en un sitio de WordPress. Ayuda a determinar si el navegador del usuario puede mostrar los emojis correctamente.<\/li>\n<\/ul>\n\n\n\n<h3 class=\"wp-block-heading\">Cookies anal\u00edticas<\/h3>\n\n\n\n<p>Estas cookies nos ayudan a comprender c\u00f3mo interact\u00faan los visitantes con nuestro sitio web mediante la recopilaci\u00f3n y notificaci\u00f3n de informaci\u00f3n de forma an\u00f3nima. Esto nos ayuda a mejorar nuestro sitio y los servicios que ofrecemos.<\/p>\n\n\n\n<ul class=\"wp-block-list\">\n<li><em>No, no, no, no.<\/em>&nbsp;(1 a\u00f1o 1 mes 4 d\u00edas) - orgGoogle Analytics establece esta cookie para almacenar y contar las visitas a la p\u00e1gina.<\/li>\n\n\n\n<li><em>_ga<\/em>&nbsp;(1 a\u00f1o 1 mes 4 d\u00edas) - La cookie _ga, instalada por Google Analytics, calcula los datos de visitantes, sesiones y campa\u00f1as y tambi\u00e9n realiza un seguimiento del uso del sitio para el informe de an\u00e1lisis del sitio. La cookie almacena la informaci\u00f3n de forma an\u00f3nima y asigna un n\u00famero generado aleatoriamente para reconocer a los visitantes \u00fanicos.<\/li>\n<\/ul>\n\n\n\n<h3 class=\"wp-block-heading\">Cookies funcionales<\/h3>\n\n\n\n<p>Las cookies funcionales permiten que el sitio web recuerde las elecciones que usted hace (como su nombre de usuario, idioma o la regi\u00f3n en la que se encuentra) y proporcionan funciones mejoradas y m\u00e1s personales.<\/p>\n\n\n\n<h3 class=\"wp-block-heading\">Cookies de rendimiento<\/h3>\n\n\n\n<p>Estas cookies recopilan informaci\u00f3n sobre c\u00f3mo los visitantes utilizan un sitio web, por ejemplo, qu\u00e9 p\u00e1ginas visitan con m\u00e1s frecuencia. Estas cookies no recogen informaci\u00f3n que identifique a un visitante. Toda la informaci\u00f3n que recogen estas cookies es agregada y, por tanto, an\u00f3nima. S\u00f3lo se utiliza para mejorar el funcionamiento de un sitio web.<\/p>\n\n\n\n<h3 class=\"wp-block-heading\">Publicidad Cookies<\/h3>\n\n\n\n<p>Las cookies de publicidad se utilizan para ofrecer a los visitantes anuncios y campa\u00f1as de marketing relevantes. Estas cookies rastrean a los visitantes en todos los sitios web y recopilan informaci\u00f3n para ofrecer anuncios personalizados.<\/p>\n\n\n\n<ul class=\"wp-block-list\">\n<li><em>YSC<\/em>&nbsp;(sesi\u00f3n) - La cookie YSC es instalada por Youtube y se utiliza para realizar un seguimiento de las visualizaciones de los v\u00eddeos incrustados en las p\u00e1ginas de Youtube.<\/li>\n\n\n\n<li><em>VISITOR_INFO1_LIVE&nbsp;<\/em>(6 meses) - Cookie establecida por YouTube para medir el ancho de banda que determina si el usuario obtiene la nueva o la antigua interfaz del reproductor.<\/li>\n\n\n\n<li><em>METADATOS_PRIVACIDAD_VISITANTES<\/em>&nbsp;(6 meses) - YouTube establece esta cookie para almacenar el estado de consentimiento de cookies del usuario para el dominio actual.<\/li>\n<\/ul>\n\n\n\n<h3 class=\"wp-block-heading\">Otras cookies<\/h3>\n\n\n\n<p>Esta categor\u00eda incluye cookies que no encajan en las otras categor\u00edas o que a\u00fan est\u00e1n en proceso de clasificaci\u00f3n.<\/p>\n\n\n\n<h2 class=\"wp-block-heading\">Sus opciones con respecto a las cookies<\/h2>\n\n\n\n<p>Puede controlar y\/o eliminar las cookies como desee - para m\u00e1s detalles, consulte aboutcookies.org. Puede eliminar todas las cookies que ya est\u00e9n en su ordenador y puede configurar la mayor\u00eda de los navegadores para que impidan su instalaci\u00f3n. Sin embargo, si lo hace, es posible que tenga que ajustar manualmente algunas preferencias cada vez que visite un sitio y que algunos servicios y funcionalidades no funcionen.<\/p>\n\n\n\n<h2 class=\"wp-block-heading\">Cambios en esta pol\u00edtica de cookies<\/h2>\n\n\n\n<p>Podemos actualizar nuestra Pol\u00edtica de Cookies de vez en cuando para reflejar los cambios en las cookies que utilizamos o por otras razones operativas, legales o reglamentarias. Por favor, revise esta Pol\u00edtica de Cookies regularmente para mantenerse informado sobre nuestro uso de cookies y tecnolog\u00edas relacionadas.<\/p>\n\n\n\n<h2 class=\"wp-block-heading\">P\u00f3ngase en contacto con nosotros<\/h2>\n\n\n\n<p>Si tiene alguna pregunta sobre nuestro uso de cookies u otras tecnolog\u00edas, env\u00edenos un correo electr\u00f3nico a&nbsp;<a href=\"mailto:info@nimd.org\">info@nimd.org<\/a>.<\/p>","protected":false},"excerpt":{"rendered":"<p>El sitio web de NIMD utiliza cookies para mejorar la experiencia del usuario y garantizar su funcionamiento eficaz. Esta pol\u00edtica explica qu\u00e9 son las cookies, c\u00f3mo las utilizamos, los tipos de cookies que utilizamos y sus opciones en relaci\u00f3n con las cookies. \u00bfQu\u00e9 son las cookies? Las cookies son peque\u00f1os archivos de texto que los sitios web que visita colocan en su dispositivo. ... <a href=\"https:\/\/nimd.org\/es\/cookies\/\"><\/a><\/p>","protected":false},"author":2,"featured_media":0,"parent":0,"menu_order":0,"comment_status":"closed","ping_status":"closed","template":"","meta":{"_acf_changed":false,"inline_featured_image":false,"_monsterinsights_skip_tracking":false,"_monsterinsights_sitenote_active":false,"_monsterinsights_sitenote_note":"","_monsterinsights_sitenote_category":0,"footnotes":""},"class_list":["post-3","page","type-page","status-publish","hentry"],"acf":[],"yoast_head":"<!-- This site is optimized with the Yoast SEO Premium plugin v27.1 (Yoast SEO v27.1.1) - https:\/\/yoast.com\/product\/yoast-seo-premium-wordpress\/ -->\n<title>Cookie Policy - NIMD<\/title>\n<meta name=\"robots\" content=\"index, follow, max-snippet:-1, max-image-preview:large, max-video-preview:-1\" \/>\n<link rel=\"canonical\" href=\"https:\/\/nimd.org\/es\/cookies\/\" \/>\n<meta property=\"og:locale\" content=\"es_ES\" \/>\n<meta property=\"og:type\" content=\"article\" \/>\n<meta property=\"og:title\" content=\"Cookie Policy\" \/>\n<meta property=\"og:description\" content=\"NIMD\u2019s website uses cookies to improve user experience and ensure that it is functioning effectively. This policy explains what cookies are, how we use them, the types of cookies we use, and your choices regarding cookies. What are Cookies? Cookies are small text files that are placed on your device by websites that you visit. &hellip;\" \/>\n<meta property=\"og:url\" content=\"https:\/\/nimd.org\/es\/cookies\/\" \/>\n<meta property=\"og:site_name\" content=\"NIMD\" \/>\n<meta property=\"article:modified_time\" content=\"2025-02-04T13:05:04+00:00\" \/>\n<meta name=\"twitter:card\" content=\"summary_large_image\" \/>\n<meta name=\"twitter:label1\" content=\"Tiempo de lectura\" \/>\n\t<meta name=\"twitter:data1\" content=\"3 minutos\" \/>\n<script type=\"application\/ld+json\" class=\"yoast-schema-graph\">{\"@context\":\"https:\/\/schema.org\",\"@graph\":[{\"@type\":\"WebPage\",\"@id\":\"https:\/\/nimd.org\/cookies\/\",\"url\":\"https:\/\/nimd.org\/cookies\/\",\"name\":\"Cookie Policy - NIMD\",\"isPartOf\":{\"@id\":\"https:\/\/nimd.org\/fr\/#website\"},\"datePublished\":\"2024-12-10T04:04:49+00:00\",\"dateModified\":\"2025-02-04T13:05:04+00:00\",\"breadcrumb\":{\"@id\":\"https:\/\/nimd.org\/cookies\/#breadcrumb\"},\"inLanguage\":\"es\",\"potentialAction\":[{\"@type\":\"ReadAction\",\"target\":[\"https:\/\/nimd.org\/cookies\/\"]}]},{\"@type\":\"BreadcrumbList\",\"@id\":\"https:\/\/nimd.org\/cookies\/#breadcrumb\",\"itemListElement\":[{\"@type\":\"ListItem\",\"position\":1,\"name\":\"Home\",\"item\":\"https:\/\/nimd.org\/fr\/\"},{\"@type\":\"ListItem\",\"position\":2,\"name\":\"Cookie Policy\"}]},{\"@type\":\"WebSite\",\"@id\":\"https:\/\/nimd.org\/fr\/#website\",\"url\":\"https:\/\/nimd.org\/fr\/\",\"name\":\"NIMD\",\"description\":\"Democracy Starts With Dialogue\",\"potentialAction\":[{\"@type\":\"SearchAction\",\"target\":{\"@type\":\"EntryPoint\",\"urlTemplate\":\"https:\/\/nimd.org\/fr\/?s={search_term_string}\"},\"query-input\":{\"@type\":\"PropertyValueSpecification\",\"valueRequired\":true,\"valueName\":\"search_term_string\"}}],\"inLanguage\":\"es\"}]}<\/script>\n<!-- \/ Yoast SEO Premium plugin. -->","yoast_head_json":{"title":"Pol\u00edtica de cookies - NIMD","robots":{"index":"index","follow":"follow","max-snippet":"max-snippet:-1","max-image-preview":"max-image-preview:large","max-video-preview":"max-video-preview:-1"},"canonical":"https:\/\/nimd.org\/es\/cookies\/","og_locale":"es_ES","og_type":"article","og_title":"Cookie Policy","og_description":"NIMD\u2019s website uses cookies to improve user experience and ensure that it is functioning effectively. This policy explains what cookies are, how we use them, the types of cookies we use, and your choices regarding cookies. What are Cookies? Cookies are small text files that are placed on your device by websites that you visit. &hellip;","og_url":"https:\/\/nimd.org\/es\/cookies\/","og_site_name":"NIMD","article_modified_time":"2025-02-04T13:05:04+00:00","twitter_card":"summary_large_image","twitter_misc":{"Tiempo de lectura":"3 minutos"},"schema":{"@context":"https:\/\/schema.org","@graph":[{"@type":"WebPage","@id":"https:\/\/nimd.org\/cookies\/","url":"https:\/\/nimd.org\/cookies\/","name":"Pol\u00edtica de cookies - NIMD","isPartOf":{"@id":"https:\/\/nimd.org\/fr\/#website"},"datePublished":"2024-12-10T04:04:49+00:00","dateModified":"2025-02-04T13:05:04+00:00","breadcrumb":{"@id":"https:\/\/nimd.org\/cookies\/#breadcrumb"},"inLanguage":"es","potentialAction":[{"@type":"ReadAction","target":["https:\/\/nimd.org\/cookies\/"]}]},{"@type":"BreadcrumbList","@id":"https:\/\/nimd.org\/cookies\/#breadcrumb","itemListElement":[{"@type":"ListItem","position":1,"name":"Home","item":"https:\/\/nimd.org\/fr\/"},{"@type":"ListItem","position":2,"name":"Cookie Policy"}]},{"@type":"WebSite","@id":"https:\/\/nimd.org\/fr\/#website","url":"https:\/\/nimd.org\/fr\/","name":"NIMD","description":"La democracia empieza por el di\u00e1logo","potentialAction":[{"@type":"SearchAction","target":{"@type":"EntryPoint","urlTemplate":"https:\/\/nimd.org\/fr\/?s={search_term_string}"},"query-input":{"@type":"PropertyValueSpecification","valueRequired":true,"valueName":"search_term_string"}}],"inLanguage":"es"}]}},"_links":{"self":[{"href":"https:\/\/nimd.org\/es\/wp-json\/wp\/v2\/pages\/3","targetHints":{"allow":["GET"]}}],"collection":[{"href":"https:\/\/nimd.org\/es\/wp-json\/wp\/v2\/pages"}],"about":[{"href":"https:\/\/nimd.org\/es\/wp-json\/wp\/v2\/types\/page"}],"author":[{"embeddable":true,"href":"https:\/\/nimd.org\/es\/wp-json\/wp\/v2\/users\/2"}],"replies":[{"embeddable":true,"href":"https:\/\/nimd.org\/es\/wp-json\/wp\/v2\/comments?post=3"}],"version-history":[{"count":13,"href":"https:\/\/nimd.org\/es\/wp-json\/wp\/v2\/pages\/3\/revisions"}],"predecessor-version":[{"id":20135,"href":"https:\/\/nimd.org\/es\/wp-json\/wp\/v2\/pages\/3\/revisions\/20135"}],"wp:attachment":[{"href":"https:\/\/nimd.org\/es\/wp-json\/wp\/v2\/media?parent=3"}],"curies":[{"name":"wp","href":"https:\/\/api.w.org\/{rel}","templated":true}]}}