{"id":272,"date":"2024-12-16T09:53:04","date_gmt":"2024-12-16T09:53:04","guid":{"rendered":"https:\/\/nimd.org\/?page_id=272"},"modified":"2026-03-10T12:04:37","modified_gmt":"2026-03-10T12:04:37","slug":"quality-transparency-integrity","status":"publish","type":"page","link":"https:\/\/nimd.org\/es\/about\/quality-transparency-integrity\/","title":{"rendered":"Calidad, transparencia e integridad"},"content":{"rendered":"<section id=\"\" class=\"block-intro block-wrapper py-10 md:py-10\"\n>\n<div class=\"container\">\n  <div class=\"subcontainer\">\n        <div class=\"intro-text\">\n      <p>El NIMD se compromete a potenciar nuestro impacto aplicando un Sistema de Gesti\u00f3n de Calidad eficaz que tenga en cuenta las necesidades de nuestros socios de programa y socios de financiaci\u00f3n.<\/p>\n\n    <\/div>\n        <p>Somos una organizaci\u00f3n acreditada conforme a la norma ISO 9001:2015, que obtuvimos por primera vez en 2020. La certificaci\u00f3n ISO garantiza un enfoque coherente de la calidad. Significa que podemos confiar en nuestros procesos y en su mejora continua.<\/p>\n<p>Creemos que introducir mejoras peri\u00f3dicas en nuestros procesos y garantizar el cumplimiento de los mismos nos ayuda a alcanzar nuestros objetivos organizativos y a garantizar la sostenibilidad de nuestra organizaci\u00f3n.<\/p>\n<p>Para ello, valoramos la transparencia. Compartimos informaci\u00f3n relevante y actualizada sobre nuestras pol\u00edticas y estructura con nuestros socios de programa y socios de financiaci\u00f3n.<\/p>\n<p><strong>A continuaci\u00f3n encontrar\u00e1 informaci\u00f3n sobre nuestro Sistema de Gesti\u00f3n de Calidad, nuestras Pol\u00edticas de Integridad y Privacidad y ANBI.<\/strong><\/p>\n<ul>\n<li><a href=\"http:\/\/nimd.org\/wp-content\/uploads\/2026\/02\/NIMD-Quality-Management-Policy-2026_signed.pdf\">Descargar la pol\u00edtica de calidad de NIMD<\/a><\/li>\n<li><a href=\"https:\/\/nimd.org\/wp-content\/uploads\/2024\/01\/NLDIE_819944257_GenericCertificate_Final.pdf\">Descargar la certificaci\u00f3n NIMD ISO 9001:2024<\/a><\/li>\n<li><a href=\"https:\/\/nimd.org\/wp-content\/uploads\/2024\/02\/NLDIE_000011_GenericCertificate_Final-9.pdf\">Descargar la certificaci\u00f3n NIMD Partos<\/a><\/li>\n<\/ul>\n<h2>Pol\u00edtica de integridad<\/h2>\n<p>En NIMD nos esforzamos por mantener la m\u00e1xima integridad en nuestras interacciones con socios, proveedores y clientes, as\u00ed como entre el personal de NIMD.<\/p>\n<p>Nuestra Pol\u00edtica de Integridad refleja nuestros valores fundamentales: justicia; seguridad jur\u00eddica; un entorno seguro; apertura y claridad; responsabilidad individual y compartida; y espacio para la iniciativa, la diversidad y la creatividad. Incluye un C\u00f3digo de Conducta, un Procedimiento de Quejas, una Pol\u00edtica de SEAH y un Procedimiento de Denuncia de Irregularidades.<\/p>\n<p>Adem\u00e1s de seguir nuestra Pol\u00edtica de Integridad, se espera que los empleados de NIMD cumplan los requisitos legales y defiendan las normas y valores sociales comunes.<\/p>\n<p>Por supuesto, sabemos que la integridad es algo m\u00e1s que normas. Implica tanto el aspecto formal (reglamentos) como el informal (cultura organizativa). La integridad debe formar parte de nuestra mentalidad cotidiana, lo que significa que actuamos con respeto, aceptamos las diferencias y somos honestos y responsables. Los directivos predicamos con el ejemplo, pero tambi\u00e9n fomentamos una cultura de integridad debatiendo juntos lo que significa para nosotros como individuos y como organizaci\u00f3n.<\/p>\n<ul>\n<li><a href=\"http:\/\/nimd.org\/wp-content\/uploads\/2026\/03\/NIMD-Integrity-Policy-5-January-2026_Final.pdf\">Descargar la pol\u00edtica de integridad del NIMD (PDF)<\/a><\/li>\n<\/ul>\n<h2>Pol\u00edtica sobre explotaci\u00f3n, abuso y acoso sexuales (SEAH)<\/h2>\n<p>En NIMD creemos que es muy importante crear un espacio seguro para las personas con las que trabajamos. El abuso de poder, incluida la conducta sexual inapropiada, la discriminaci\u00f3n y otros comportamientos inadecuados, puede ocurrir en cualquier lugar y es un riesgo constante. Por ello, el NIMD se compromete a prevenir cualquier caso de explotaci\u00f3n, abuso y acoso sexuales.<\/p>\n<p>Nuestra pol\u00edtica de SEAH se encuentra en la secci\u00f3n 2 de nuestro <a href=\"http:\/\/nimd.org\/wp-content\/uploads\/2026\/03\/NIMD-Integrity-Policy-5-January-2026_Final.pdf\">Pol\u00edtica de integridad.<\/a><\/p>\n<p><iframe loading=\"lazy\" title=\"Reproductor de v\u00eddeo YouTube\" src=\"https:\/\/www.youtube.com\/embed\/SNaaUll5iPg?si=cxJ11JtHQ8vnyEin\" width=\"560\" height=\"315\" frameborder=\"0\" allowfullscreen=\"allowfullscreen\"><\/iframe><\/p>\n<p>Para ver el v\u00eddeo de la SEAH con subt\u00edtulos en franc\u00e9s pulse\u00a0<a href=\"https:\/\/youtu.be\/wMmClVBwnE4\">aqu\u00ed<\/a>\u00a0y para espa\u00f1ol pulse\u00a0<a href=\"https:\/\/youtu.be\/W1fqnldGqDg\">aqu\u00ed<\/a>.<\/p>\n<h2>Informaci\u00f3n ANBI<\/h2>\n<p>NIMD opera como organizaci\u00f3n de utilidad p\u00fablica seg\u00fan la legislaci\u00f3n fiscal holandesa. Este estatus se conoce como ANBI, o\u00a0<em>Algemeen Nut Beogende Instelling<\/em>y conlleva una serie de ventajas y responsabilidades. El principal beneficio es que los socios financiadores privados pueden disfrutar de una ventaja fiscal. Al mismo tiempo, NIMD debe divulgar la informaci\u00f3n que figura a continuaci\u00f3n para cumplir sus obligaciones como ANBI.<\/p>\n<ul>\n<li><a href=\"http:\/\/nimd.org\/wp-content\/uploads\/2025\/03\/NIMD-ANBI-information.pdf\">Descargar: Informaci\u00f3n sobre el NIMD ANBI (PDF)<\/a><\/li>\n<li><a href=\"http:\/\/nimd.org\/wp-content\/uploads\/2025\/03\/NIMD-mandatory-ANBI-publication-2020-2.pdf\">Descargar: Publicaci\u00f3n obligatoria ANBI 2020 (PDF)<\/a><\/li>\n<li><a href=\"https:\/\/nimd.org\/wp-content\/uploads\/2022\/07\/anbi-form-650-fondswerv-organisaties-2022.pdf\">Descargar: Publicaci\u00f3n obligatoria ANBI 2021 (PDF)<\/a><\/li>\n<li><a href=\"https:\/\/nimd.org\/wp-content\/uploads\/2024\/02\/anbi-format-650-fondswerv-organisaties-updated.pdf\">Descargar: Publicaci\u00f3n obligatoria ANBI 2022 (PDF)<\/a><\/li>\n<li><a href=\"http:\/\/nimd.org\/wp-content\/uploads\/2025\/04\/standard-form-publication-anbi-nimd-2023.pdf\">Descargar: Publicaci\u00f3n obligatoria ANBI 2023 (PDF)<\/a><\/li>\n<li><a href=\"http:\/\/nimd.org\/wp-content\/uploads\/2025\/07\/standard-form-publication-anbi-nimd-2024-draft-1.pdf\">Descargar: Publicaci\u00f3n obligatoria ANBI 2024 (PDF)<\/a><\/li>\n<\/ul>\n<h2>Preguntas y reclamaciones<\/h2>\n<p>NIMD se esfuerza por ser fiable y transparente. Tratamos con seriedad las quejas y consultas formales realizadas por organizaciones (asociadas) y particulares, y las consideramos una oportunidad para mejorar.<\/p>\n<p>Si tiene alguna pregunta, comentario o queja, env\u00ede un correo electr\u00f3nico a . Le confirmaremos la recepci\u00f3n de su correo electr\u00f3nico y responderemos a su consulta en un plazo de tres semanas. <a href=\"mailto:complaints@nimd.org\">complaints@nimd.org<\/a>. Confirmaremos la recepci\u00f3n de su correo electr\u00f3nico y responderemos a su consulta en un plazo de tres semanas.<\/p>\n<p>Todas las quejas son tramitadas directamente por el Director Ejecutivo.<\/p>\n<h2>Pol\u00edtica de privacidad<\/h2>\n<p>En esta declaraci\u00f3n de privacidad, le informamos sobre los fines para los que recogemos y procesamos datos personales, y sobre c\u00f3mo puede ejercer sus derechos de privacidad.<\/p>\n<ul>\n<li><a href=\"http:\/\/nimd.org\/wp-content\/uploads\/2025\/03\/NIMD-Privacy-Policy-2020-formatted.pdf\">Descargar: Pol\u00edtica de privacidad del NIMD (PDF)<\/a><\/li>\n<\/ul>\n\n  <\/div>\n<\/div>\n<\/section>","protected":false},"excerpt":{"rendered":"","protected":false},"author":2,"featured_media":0,"parent":6,"menu_order":0,"comment_status":"closed","ping_status":"closed","template":"","meta":{"_acf_changed":false,"inline_featured_image":false,"_monsterinsights_skip_tracking":false,"_monsterinsights_sitenote_active":false,"_monsterinsights_sitenote_note":"","_monsterinsights_sitenote_category":0,"footnotes":""},"class_list":["post-272","page","type-page","status-publish","hentry"],"acf":[],"yoast_head":"<!-- This site is optimized with the Yoast SEO Premium plugin v27.1 (Yoast SEO v27.1.1) - https:\/\/yoast.com\/product\/yoast-seo-premium-wordpress\/ -->\n<title>Quality, transparency and integrity - NIMD<\/title>\n<meta name=\"robots\" content=\"index, follow, max-snippet:-1, max-image-preview:large, max-video-preview:-1\" \/>\n<link rel=\"canonical\" href=\"https:\/\/nimd.org\/es\/about\/quality-transparency-integrity\/\" \/>\n<meta property=\"og:locale\" content=\"es_ES\" \/>\n<meta property=\"og:type\" content=\"article\" \/>\n<meta property=\"og:title\" content=\"Quality, transparency and integrity\" \/>\n<meta property=\"og:url\" content=\"https:\/\/nimd.org\/es\/about\/quality-transparency-integrity\/\" \/>\n<meta property=\"og:site_name\" content=\"NIMD\" \/>\n<meta property=\"article:modified_time\" content=\"2026-03-10T12:04:37+00:00\" \/>\n<meta name=\"twitter:card\" content=\"summary_large_image\" \/>\n<script type=\"application\/ld+json\" class=\"yoast-schema-graph\">{\"@context\":\"https:\/\/schema.org\",\"@graph\":[{\"@type\":\"WebPage\",\"@id\":\"https:\/\/nimd.org\/about\/quality-transparency-integrity\/\",\"url\":\"https:\/\/nimd.org\/about\/quality-transparency-integrity\/\",\"name\":\"Quality, transparency and integrity - NIMD\",\"isPartOf\":{\"@id\":\"https:\/\/nimd.org\/fr\/#website\"},\"datePublished\":\"2024-12-16T09:53:04+00:00\",\"dateModified\":\"2026-03-10T12:04:37+00:00\",\"breadcrumb\":{\"@id\":\"https:\/\/nimd.org\/about\/quality-transparency-integrity\/#breadcrumb\"},\"inLanguage\":\"es\",\"potentialAction\":[{\"@type\":\"ReadAction\",\"target\":[\"https:\/\/nimd.org\/about\/quality-transparency-integrity\/\"]}]},{\"@type\":\"BreadcrumbList\",\"@id\":\"https:\/\/nimd.org\/about\/quality-transparency-integrity\/#breadcrumb\",\"itemListElement\":[{\"@type\":\"ListItem\",\"position\":1,\"name\":\"Home\",\"item\":\"https:\/\/nimd.org\/fr\/\"},{\"@type\":\"ListItem\",\"position\":2,\"name\":\"About us\",\"item\":\"https:\/\/nimd.org\/?page_id=6\"},{\"@type\":\"ListItem\",\"position\":3,\"name\":\"Quality, transparency and integrity\"}]},{\"@type\":\"WebSite\",\"@id\":\"https:\/\/nimd.org\/fr\/#website\",\"url\":\"https:\/\/nimd.org\/fr\/\",\"name\":\"NIMD\",\"description\":\"Democracy Starts With Dialogue\",\"potentialAction\":[{\"@type\":\"SearchAction\",\"target\":{\"@type\":\"EntryPoint\",\"urlTemplate\":\"https:\/\/nimd.org\/fr\/?s={search_term_string}\"},\"query-input\":{\"@type\":\"PropertyValueSpecification\",\"valueRequired\":true,\"valueName\":\"search_term_string\"}}],\"inLanguage\":\"es\"}]}<\/script>\n<!-- \/ Yoast SEO Premium plugin. -->","yoast_head_json":{"title":"Calidad, transparencia e integridad - NIMD","robots":{"index":"index","follow":"follow","max-snippet":"max-snippet:-1","max-image-preview":"max-image-preview:large","max-video-preview":"max-video-preview:-1"},"canonical":"https:\/\/nimd.org\/es\/about\/quality-transparency-integrity\/","og_locale":"es_ES","og_type":"article","og_title":"Quality, transparency and integrity","og_url":"https:\/\/nimd.org\/es\/about\/quality-transparency-integrity\/","og_site_name":"NIMD","article_modified_time":"2026-03-10T12:04:37+00:00","twitter_card":"summary_large_image","schema":{"@context":"https:\/\/schema.org","@graph":[{"@type":"WebPage","@id":"https:\/\/nimd.org\/about\/quality-transparency-integrity\/","url":"https:\/\/nimd.org\/about\/quality-transparency-integrity\/","name":"Calidad, transparencia e integridad - NIMD","isPartOf":{"@id":"https:\/\/nimd.org\/fr\/#website"},"datePublished":"2024-12-16T09:53:04+00:00","dateModified":"2026-03-10T12:04:37+00:00","breadcrumb":{"@id":"https:\/\/nimd.org\/about\/quality-transparency-integrity\/#breadcrumb"},"inLanguage":"es","potentialAction":[{"@type":"ReadAction","target":["https:\/\/nimd.org\/about\/quality-transparency-integrity\/"]}]},{"@type":"BreadcrumbList","@id":"https:\/\/nimd.org\/about\/quality-transparency-integrity\/#breadcrumb","itemListElement":[{"@type":"ListItem","position":1,"name":"Home","item":"https:\/\/nimd.org\/fr\/"},{"@type":"ListItem","position":2,"name":"About us","item":"https:\/\/nimd.org\/?page_id=6"},{"@type":"ListItem","position":3,"name":"Quality, transparency and integrity"}]},{"@type":"WebSite","@id":"https:\/\/nimd.org\/fr\/#website","url":"https:\/\/nimd.org\/fr\/","name":"NIMD","description":"La democracia empieza por el di\u00e1logo","potentialAction":[{"@type":"SearchAction","target":{"@type":"EntryPoint","urlTemplate":"https:\/\/nimd.org\/fr\/?s={search_term_string}"},"query-input":{"@type":"PropertyValueSpecification","valueRequired":true,"valueName":"search_term_string"}}],"inLanguage":"es"}]}},"_links":{"self":[{"href":"https:\/\/nimd.org\/es\/wp-json\/wp\/v2\/pages\/272","targetHints":{"allow":["GET"]}}],"collection":[{"href":"https:\/\/nimd.org\/es\/wp-json\/wp\/v2\/pages"}],"about":[{"href":"https:\/\/nimd.org\/es\/wp-json\/wp\/v2\/types\/page"}],"author":[{"embeddable":true,"href":"https:\/\/nimd.org\/es\/wp-json\/wp\/v2\/users\/2"}],"replies":[{"embeddable":true,"href":"https:\/\/nimd.org\/es\/wp-json\/wp\/v2\/comments?post=272"}],"version-history":[{"count":16,"href":"https:\/\/nimd.org\/es\/wp-json\/wp\/v2\/pages\/272\/revisions"}],"predecessor-version":[{"id":26376,"href":"https:\/\/nimd.org\/es\/wp-json\/wp\/v2\/pages\/272\/revisions\/26376"}],"up":[{"embeddable":true,"href":"https:\/\/nimd.org\/es\/wp-json\/wp\/v2\/pages\/6"}],"wp:attachment":[{"href":"https:\/\/nimd.org\/es\/wp-json\/wp\/v2\/media?parent=272"}],"curies":[{"name":"wp","href":"https:\/\/api.w.org\/{rel}","templated":true}]}}