{"id":19507,"date":"2025-01-21T10:48:37","date_gmt":"2025-01-21T10:48:37","guid":{"rendered":"https:\/\/nimd.org\/?page_id=19507"},"modified":"2026-01-07T13:23:57","modified_gmt":"2026-01-07T13:23:57","slug":"strengthening-democratic-infrastructure","status":"publish","type":"page","link":"https:\/\/nimd.org\/es\/what-we-do\/strengthening-democratic-infrastructure\/","title":{"rendered":"Pol\u00edtica responsable"},"content":{"rendered":"<p>Una democracia pr\u00f3spera necesita pol\u00edticos que comprendan y respondan a las necesidades, demandas y aspiraciones de su pueblo. <\/p>","protected":false},"excerpt":{"rendered":"<p>Una democracia pr\u00f3spera necesita pol\u00edticos que comprendan y respondan a las necesidades, demandas y aspiraciones de su pueblo.<\/p>","protected":false},"author":2,"featured_media":19979,"parent":16428,"menu_order":0,"comment_status":"closed","ping_status":"closed","template":"template-what-we-do-themes.blade.php","meta":{"_acf_changed":false,"inline_featured_image":false,"_monsterinsights_skip_tracking":false,"_monsterinsights_sitenote_active":false,"_monsterinsights_sitenote_note":"","_monsterinsights_sitenote_category":0,"footnotes":""},"class_list":["post-19507","page","type-page","status-publish","has-post-thumbnail","hentry"],"acf":[],"yoast_head":"<!-- This site is optimized with the Yoast SEO Premium plugin v27.1 (Yoast SEO v27.1.1) - https:\/\/yoast.com\/product\/yoast-seo-premium-wordpress\/ -->\n<title>Responsive Politics - NIMD<\/title>\n<meta name=\"robots\" content=\"index, follow, max-snippet:-1, max-image-preview:large, max-video-preview:-1\" \/>\n<link rel=\"canonical\" href=\"https:\/\/nimd.org\/es\/what-we-do\/strengthening-democratic-infrastructure\/\" \/>\n<meta property=\"og:locale\" content=\"es_ES\" \/>\n<meta property=\"og:type\" content=\"article\" \/>\n<meta property=\"og:title\" content=\"Responsive Politics\" \/>\n<meta property=\"og:description\" content=\"A thriving democracy needs politicians who understand and respond to the needs, demands and aspirations of its people.\" \/>\n<meta property=\"og:url\" content=\"https:\/\/nimd.org\/es\/what-we-do\/strengthening-democratic-infrastructure\/\" \/>\n<meta property=\"og:site_name\" content=\"NIMD\" \/>\n<meta property=\"article:modified_time\" content=\"2026-01-07T13:23:57+00:00\" \/>\n<meta property=\"og:image\" content=\"https:\/\/nimd.org\/wp-content\/uploads\/2025\/02\/el-salvador_BW1.jpg\" \/>\n\t<meta property=\"og:image:width\" content=\"1080\" \/>\n\t<meta property=\"og:image:height\" content=\"648\" \/>\n\t<meta property=\"og:image:type\" content=\"image\/jpeg\" \/>\n<meta name=\"twitter:card\" content=\"summary_large_image\" \/>\n<meta name=\"twitter:label1\" content=\"Tiempo de lectura\" \/>\n\t<meta name=\"twitter:data1\" content=\"1 minuto\" \/>\n<script type=\"application\/ld+json\" class=\"yoast-schema-graph\">{\"@context\":\"https:\/\/schema.org\",\"@graph\":[{\"@type\":\"WebPage\",\"@id\":\"https:\/\/nimd.org\/what-we-do\/strengthening-democratic-infrastructure\/\",\"url\":\"https:\/\/nimd.org\/what-we-do\/strengthening-democratic-infrastructure\/\",\"name\":\"Responsive Politics - NIMD\",\"isPartOf\":{\"@id\":\"https:\/\/nimd.org\/fr\/#website\"},\"primaryImageOfPage\":{\"@id\":\"https:\/\/nimd.org\/what-we-do\/strengthening-democratic-infrastructure\/#primaryimage\"},\"image\":{\"@id\":\"https:\/\/nimd.org\/what-we-do\/strengthening-democratic-infrastructure\/#primaryimage\"},\"thumbnailUrl\":\"https:\/\/nimd.org\/wp-content\/uploads\/2025\/02\/el-salvador_BW1.jpg\",\"datePublished\":\"2025-01-21T10:48:37+00:00\",\"dateModified\":\"2026-01-07T13:23:57+00:00\",\"breadcrumb\":{\"@id\":\"https:\/\/nimd.org\/what-we-do\/strengthening-democratic-infrastructure\/#breadcrumb\"},\"inLanguage\":\"es\",\"potentialAction\":[{\"@type\":\"ReadAction\",\"target\":[\"https:\/\/nimd.org\/what-we-do\/strengthening-democratic-infrastructure\/\"]}]},{\"@type\":\"ImageObject\",\"inLanguage\":\"es\",\"@id\":\"https:\/\/nimd.org\/what-we-do\/strengthening-democratic-infrastructure\/#primaryimage\",\"url\":\"https:\/\/nimd.org\/wp-content\/uploads\/2025\/02\/el-salvador_BW1.jpg\",\"contentUrl\":\"https:\/\/nimd.org\/wp-content\/uploads\/2025\/02\/el-salvador_BW1.jpg\",\"width\":1080,\"height\":648},{\"@type\":\"BreadcrumbList\",\"@id\":\"https:\/\/nimd.org\/what-we-do\/strengthening-democratic-infrastructure\/#breadcrumb\",\"itemListElement\":[{\"@type\":\"ListItem\",\"position\":1,\"name\":\"Home\",\"item\":\"https:\/\/nimd.org\/fr\/\"},{\"@type\":\"ListItem\",\"position\":2,\"name\":\"What we do\",\"item\":\"https:\/\/nimd.org\/what-we-do\/\"},{\"@type\":\"ListItem\",\"position\":3,\"name\":\"Responsive Politics\"}]},{\"@type\":\"WebSite\",\"@id\":\"https:\/\/nimd.org\/fr\/#website\",\"url\":\"https:\/\/nimd.org\/fr\/\",\"name\":\"NIMD\",\"description\":\"Democracy Starts With Dialogue\",\"potentialAction\":[{\"@type\":\"SearchAction\",\"target\":{\"@type\":\"EntryPoint\",\"urlTemplate\":\"https:\/\/nimd.org\/fr\/?s={search_term_string}\"},\"query-input\":{\"@type\":\"PropertyValueSpecification\",\"valueRequired\":true,\"valueName\":\"search_term_string\"}}],\"inLanguage\":\"es\"}]}<\/script>\n<!-- \/ Yoast SEO Premium plugin. -->","yoast_head_json":{"title":"Pol\u00edtica responsable - NIMD","robots":{"index":"index","follow":"follow","max-snippet":"max-snippet:-1","max-image-preview":"max-image-preview:large","max-video-preview":"max-video-preview:-1"},"canonical":"https:\/\/nimd.org\/es\/what-we-do\/strengthening-democratic-infrastructure\/","og_locale":"es_ES","og_type":"article","og_title":"Responsive Politics","og_description":"A thriving democracy needs politicians who understand and respond to the needs, demands and aspirations of its people.","og_url":"https:\/\/nimd.org\/es\/what-we-do\/strengthening-democratic-infrastructure\/","og_site_name":"NIMD","article_modified_time":"2026-01-07T13:23:57+00:00","og_image":[{"width":1080,"height":648,"url":"https:\/\/nimd.org\/wp-content\/uploads\/2025\/02\/el-salvador_BW1.jpg","type":"image\/jpeg"}],"twitter_card":"summary_large_image","twitter_misc":{"Tiempo de lectura":"1 minuto"},"schema":{"@context":"https:\/\/schema.org","@graph":[{"@type":"WebPage","@id":"https:\/\/nimd.org\/what-we-do\/strengthening-democratic-infrastructure\/","url":"https:\/\/nimd.org\/what-we-do\/strengthening-democratic-infrastructure\/","name":"Pol\u00edtica responsable - NIMD","isPartOf":{"@id":"https:\/\/nimd.org\/fr\/#website"},"primaryImageOfPage":{"@id":"https:\/\/nimd.org\/what-we-do\/strengthening-democratic-infrastructure\/#primaryimage"},"image":{"@id":"https:\/\/nimd.org\/what-we-do\/strengthening-democratic-infrastructure\/#primaryimage"},"thumbnailUrl":"https:\/\/nimd.org\/wp-content\/uploads\/2025\/02\/el-salvador_BW1.jpg","datePublished":"2025-01-21T10:48:37+00:00","dateModified":"2026-01-07T13:23:57+00:00","breadcrumb":{"@id":"https:\/\/nimd.org\/what-we-do\/strengthening-democratic-infrastructure\/#breadcrumb"},"inLanguage":"es","potentialAction":[{"@type":"ReadAction","target":["https:\/\/nimd.org\/what-we-do\/strengthening-democratic-infrastructure\/"]}]},{"@type":"ImageObject","inLanguage":"es","@id":"https:\/\/nimd.org\/what-we-do\/strengthening-democratic-infrastructure\/#primaryimage","url":"https:\/\/nimd.org\/wp-content\/uploads\/2025\/02\/el-salvador_BW1.jpg","contentUrl":"https:\/\/nimd.org\/wp-content\/uploads\/2025\/02\/el-salvador_BW1.jpg","width":1080,"height":648},{"@type":"BreadcrumbList","@id":"https:\/\/nimd.org\/what-we-do\/strengthening-democratic-infrastructure\/#breadcrumb","itemListElement":[{"@type":"ListItem","position":1,"name":"Home","item":"https:\/\/nimd.org\/fr\/"},{"@type":"ListItem","position":2,"name":"What we do","item":"https:\/\/nimd.org\/what-we-do\/"},{"@type":"ListItem","position":3,"name":"Responsive Politics"}]},{"@type":"WebSite","@id":"https:\/\/nimd.org\/fr\/#website","url":"https:\/\/nimd.org\/fr\/","name":"NIMD","description":"La democracia empieza por el di\u00e1logo","potentialAction":[{"@type":"SearchAction","target":{"@type":"EntryPoint","urlTemplate":"https:\/\/nimd.org\/fr\/?s={search_term_string}"},"query-input":{"@type":"PropertyValueSpecification","valueRequired":true,"valueName":"search_term_string"}}],"inLanguage":"es"}]}},"_links":{"self":[{"href":"https:\/\/nimd.org\/es\/wp-json\/wp\/v2\/pages\/19507","targetHints":{"allow":["GET"]}}],"collection":[{"href":"https:\/\/nimd.org\/es\/wp-json\/wp\/v2\/pages"}],"about":[{"href":"https:\/\/nimd.org\/es\/wp-json\/wp\/v2\/types\/page"}],"author":[{"embeddable":true,"href":"https:\/\/nimd.org\/es\/wp-json\/wp\/v2\/users\/2"}],"replies":[{"embeddable":true,"href":"https:\/\/nimd.org\/es\/wp-json\/wp\/v2\/comments?post=19507"}],"version-history":[{"count":14,"href":"https:\/\/nimd.org\/es\/wp-json\/wp\/v2\/pages\/19507\/revisions"}],"predecessor-version":[{"id":26249,"href":"https:\/\/nimd.org\/es\/wp-json\/wp\/v2\/pages\/19507\/revisions\/26249"}],"up":[{"embeddable":true,"href":"https:\/\/nimd.org\/es\/wp-json\/wp\/v2\/pages\/16428"}],"wp:featuredmedia":[{"embeddable":true,"href":"https:\/\/nimd.org\/es\/wp-json\/wp\/v2\/media\/19979"}],"wp:attachment":[{"href":"https:\/\/nimd.org\/es\/wp-json\/wp\/v2\/media?parent=19507"}],"curies":[{"name":"wp","href":"https:\/\/api.w.org\/{rel}","templated":true}]}}