{"id":19505,"date":"2025-01-21T10:48:13","date_gmt":"2025-01-21T10:48:13","guid":{"rendered":"https:\/\/nimd.org\/?page_id=19505"},"modified":"2026-01-07T13:24:04","modified_gmt":"2026-01-07T13:24:04","slug":"youth-in-politics","status":"publish","type":"page","link":"https:\/\/nimd.org\/es\/what-we-do\/youth-in-politics\/","title":{"rendered":"La juventud en la pol\u00edtica"},"content":{"rendered":"<p>Como parte de nuestro objetivo m\u00e1s amplio de aumentar la participaci\u00f3n pol\u00edtica entre los grupos estructuralmente excluidos, el NIMD trabaja tanto con j\u00f3venes como con pol\u00edticos consagrados para que los j\u00f3venes asuman el papel que les corresponde en la pol\u00edtica.<\/p>","protected":false},"excerpt":{"rendered":"<p>Como parte de nuestro objetivo m\u00e1s amplio de aumentar la participaci\u00f3n pol\u00edtica entre los grupos estructuralmente excluidos, el NIMD trabaja tanto con j\u00f3venes como con pol\u00edticos consagrados para que los j\u00f3venes asuman el papel que les corresponde en la pol\u00edtica.<\/p>","protected":false},"author":2,"featured_media":20040,"parent":16428,"menu_order":0,"comment_status":"closed","ping_status":"closed","template":"template-what-we-do-themes.blade.php","meta":{"_acf_changed":false,"inline_featured_image":false,"_monsterinsights_skip_tracking":false,"_monsterinsights_sitenote_active":false,"_monsterinsights_sitenote_note":"","_monsterinsights_sitenote_category":0,"footnotes":""},"class_list":["post-19505","page","type-page","status-publish","has-post-thumbnail","hentry"],"acf":[],"yoast_head":"<!-- This site is optimized with the Yoast SEO Premium plugin v27.1 (Yoast SEO v27.1.1) - https:\/\/yoast.com\/product\/yoast-seo-premium-wordpress\/ -->\n<title>Youth in Politics - NIMD<\/title>\n<meta name=\"robots\" content=\"index, follow, max-snippet:-1, max-image-preview:large, max-video-preview:-1\" \/>\n<link rel=\"canonical\" href=\"https:\/\/nimd.org\/es\/what-we-do\/youth-in-politics\/\" \/>\n<meta property=\"og:locale\" content=\"es_ES\" \/>\n<meta property=\"og:type\" content=\"article\" \/>\n<meta property=\"og:title\" content=\"Youth in Politics\" \/>\n<meta property=\"og:description\" content=\"As part of our wider objective of increasing political participation among structurally excluded groups, NIMD works with young people and established politicians alike, to enable youth to take up their rightful role in politics.\" \/>\n<meta property=\"og:url\" content=\"https:\/\/nimd.org\/es\/what-we-do\/youth-in-politics\/\" \/>\n<meta property=\"og:site_name\" content=\"NIMD\" \/>\n<meta property=\"article:modified_time\" content=\"2026-01-07T13:24:04+00:00\" \/>\n<meta property=\"og:image\" content=\"https:\/\/nimd.org\/wp-content\/uploads\/2025\/02\/Youthinpolitics_BW.jpg\" \/>\n\t<meta property=\"og:image:width\" content=\"1080\" \/>\n\t<meta property=\"og:image:height\" content=\"648\" \/>\n\t<meta property=\"og:image:type\" content=\"image\/jpeg\" \/>\n<meta name=\"twitter:card\" content=\"summary_large_image\" \/>\n<meta name=\"twitter:label1\" content=\"Tiempo de lectura\" \/>\n\t<meta name=\"twitter:data1\" content=\"1 minuto\" \/>\n<script type=\"application\/ld+json\" class=\"yoast-schema-graph\">{\"@context\":\"https:\/\/schema.org\",\"@graph\":[{\"@type\":\"WebPage\",\"@id\":\"https:\/\/nimd.org\/what-we-do\/youth-in-politics\/\",\"url\":\"https:\/\/nimd.org\/what-we-do\/youth-in-politics\/\",\"name\":\"Youth in Politics - NIMD\",\"isPartOf\":{\"@id\":\"https:\/\/nimd.org\/fr\/#website\"},\"primaryImageOfPage\":{\"@id\":\"https:\/\/nimd.org\/what-we-do\/youth-in-politics\/#primaryimage\"},\"image\":{\"@id\":\"https:\/\/nimd.org\/what-we-do\/youth-in-politics\/#primaryimage\"},\"thumbnailUrl\":\"https:\/\/nimd.org\/wp-content\/uploads\/2025\/02\/Youthinpolitics_BW.jpg\",\"datePublished\":\"2025-01-21T10:48:13+00:00\",\"dateModified\":\"2026-01-07T13:24:04+00:00\",\"breadcrumb\":{\"@id\":\"https:\/\/nimd.org\/what-we-do\/youth-in-politics\/#breadcrumb\"},\"inLanguage\":\"es\",\"potentialAction\":[{\"@type\":\"ReadAction\",\"target\":[\"https:\/\/nimd.org\/what-we-do\/youth-in-politics\/\"]}]},{\"@type\":\"ImageObject\",\"inLanguage\":\"es\",\"@id\":\"https:\/\/nimd.org\/what-we-do\/youth-in-politics\/#primaryimage\",\"url\":\"https:\/\/nimd.org\/wp-content\/uploads\/2025\/02\/Youthinpolitics_BW.jpg\",\"contentUrl\":\"https:\/\/nimd.org\/wp-content\/uploads\/2025\/02\/Youthinpolitics_BW.jpg\",\"width\":1080,\"height\":648},{\"@type\":\"BreadcrumbList\",\"@id\":\"https:\/\/nimd.org\/what-we-do\/youth-in-politics\/#breadcrumb\",\"itemListElement\":[{\"@type\":\"ListItem\",\"position\":1,\"name\":\"Home\",\"item\":\"https:\/\/nimd.org\/fr\/\"},{\"@type\":\"ListItem\",\"position\":2,\"name\":\"What we do\",\"item\":\"https:\/\/nimd.org\/what-we-do\/\"},{\"@type\":\"ListItem\",\"position\":3,\"name\":\"Youth in Politics\"}]},{\"@type\":\"WebSite\",\"@id\":\"https:\/\/nimd.org\/fr\/#website\",\"url\":\"https:\/\/nimd.org\/fr\/\",\"name\":\"NIMD\",\"description\":\"Democracy Starts With Dialogue\",\"potentialAction\":[{\"@type\":\"SearchAction\",\"target\":{\"@type\":\"EntryPoint\",\"urlTemplate\":\"https:\/\/nimd.org\/fr\/?s={search_term_string}\"},\"query-input\":{\"@type\":\"PropertyValueSpecification\",\"valueRequired\":true,\"valueName\":\"search_term_string\"}}],\"inLanguage\":\"es\"}]}<\/script>\n<!-- \/ Yoast SEO Premium plugin. -->","yoast_head_json":{"title":"La juventud en la pol\u00edtica - NIMD","robots":{"index":"index","follow":"follow","max-snippet":"max-snippet:-1","max-image-preview":"max-image-preview:large","max-video-preview":"max-video-preview:-1"},"canonical":"https:\/\/nimd.org\/es\/what-we-do\/youth-in-politics\/","og_locale":"es_ES","og_type":"article","og_title":"Youth in Politics","og_description":"As part of our wider objective of increasing political participation among structurally excluded groups, NIMD works with young people and established politicians alike, to enable youth to take up their rightful role in politics.","og_url":"https:\/\/nimd.org\/es\/what-we-do\/youth-in-politics\/","og_site_name":"NIMD","article_modified_time":"2026-01-07T13:24:04+00:00","og_image":[{"width":1080,"height":648,"url":"https:\/\/nimd.org\/wp-content\/uploads\/2025\/02\/Youthinpolitics_BW.jpg","type":"image\/jpeg"}],"twitter_card":"summary_large_image","twitter_misc":{"Tiempo de lectura":"1 minuto"},"schema":{"@context":"https:\/\/schema.org","@graph":[{"@type":"WebPage","@id":"https:\/\/nimd.org\/what-we-do\/youth-in-politics\/","url":"https:\/\/nimd.org\/what-we-do\/youth-in-politics\/","name":"La juventud en la pol\u00edtica - NIMD","isPartOf":{"@id":"https:\/\/nimd.org\/fr\/#website"},"primaryImageOfPage":{"@id":"https:\/\/nimd.org\/what-we-do\/youth-in-politics\/#primaryimage"},"image":{"@id":"https:\/\/nimd.org\/what-we-do\/youth-in-politics\/#primaryimage"},"thumbnailUrl":"https:\/\/nimd.org\/wp-content\/uploads\/2025\/02\/Youthinpolitics_BW.jpg","datePublished":"2025-01-21T10:48:13+00:00","dateModified":"2026-01-07T13:24:04+00:00","breadcrumb":{"@id":"https:\/\/nimd.org\/what-we-do\/youth-in-politics\/#breadcrumb"},"inLanguage":"es","potentialAction":[{"@type":"ReadAction","target":["https:\/\/nimd.org\/what-we-do\/youth-in-politics\/"]}]},{"@type":"ImageObject","inLanguage":"es","@id":"https:\/\/nimd.org\/what-we-do\/youth-in-politics\/#primaryimage","url":"https:\/\/nimd.org\/wp-content\/uploads\/2025\/02\/Youthinpolitics_BW.jpg","contentUrl":"https:\/\/nimd.org\/wp-content\/uploads\/2025\/02\/Youthinpolitics_BW.jpg","width":1080,"height":648},{"@type":"BreadcrumbList","@id":"https:\/\/nimd.org\/what-we-do\/youth-in-politics\/#breadcrumb","itemListElement":[{"@type":"ListItem","position":1,"name":"Home","item":"https:\/\/nimd.org\/fr\/"},{"@type":"ListItem","position":2,"name":"What we do","item":"https:\/\/nimd.org\/what-we-do\/"},{"@type":"ListItem","position":3,"name":"Youth in Politics"}]},{"@type":"WebSite","@id":"https:\/\/nimd.org\/fr\/#website","url":"https:\/\/nimd.org\/fr\/","name":"NIMD","description":"La democracia empieza por el di\u00e1logo","potentialAction":[{"@type":"SearchAction","target":{"@type":"EntryPoint","urlTemplate":"https:\/\/nimd.org\/fr\/?s={search_term_string}"},"query-input":{"@type":"PropertyValueSpecification","valueRequired":true,"valueName":"search_term_string"}}],"inLanguage":"es"}]}},"_links":{"self":[{"href":"https:\/\/nimd.org\/es\/wp-json\/wp\/v2\/pages\/19505","targetHints":{"allow":["GET"]}}],"collection":[{"href":"https:\/\/nimd.org\/es\/wp-json\/wp\/v2\/pages"}],"about":[{"href":"https:\/\/nimd.org\/es\/wp-json\/wp\/v2\/types\/page"}],"author":[{"embeddable":true,"href":"https:\/\/nimd.org\/es\/wp-json\/wp\/v2\/users\/2"}],"replies":[{"embeddable":true,"href":"https:\/\/nimd.org\/es\/wp-json\/wp\/v2\/comments?post=19505"}],"version-history":[{"count":16,"href":"https:\/\/nimd.org\/es\/wp-json\/wp\/v2\/pages\/19505\/revisions"}],"predecessor-version":[{"id":26248,"href":"https:\/\/nimd.org\/es\/wp-json\/wp\/v2\/pages\/19505\/revisions\/26248"}],"up":[{"embeddable":true,"href":"https:\/\/nimd.org\/es\/wp-json\/wp\/v2\/pages\/16428"}],"wp:featuredmedia":[{"embeddable":true,"href":"https:\/\/nimd.org\/es\/wp-json\/wp\/v2\/media\/20040"}],"wp:attachment":[{"href":"https:\/\/nimd.org\/es\/wp-json\/wp\/v2\/media?parent=19505"}],"curies":[{"name":"wp","href":"https:\/\/api.w.org\/{rel}","templated":true}]}}