{"id":19499,"date":"2025-01-21T09:17:11","date_gmt":"2025-01-21T09:17:11","guid":{"rendered":"https:\/\/nimd.org\/?page_id=19499"},"modified":"2026-01-07T13:22:02","modified_gmt":"2026-01-07T13:22:02","slug":"democracy-education","status":"publish","type":"page","link":"https:\/\/nimd.org\/es\/what-we-do\/democracy-education\/","title":{"rendered":"Educaci\u00f3n para la democracia"},"content":{"rendered":"<h2 class=\"wp-block-heading\">Vivimos en una \u00e9poca marcada por la agitaci\u00f3n social, las crisis clim\u00e1ticas, los conflictos y la propagaci\u00f3n de la desinformaci\u00f3n. Para hacer frente a estos retos, necesitamos una cultura democr\u00e1tica resistente. Una cultura que incluya el respeto mutuo, la rendici\u00f3n de cuentas y el compromiso constructivo puede permitir a las sociedades resolver disputas, abordar retos complejos y proteger las libertades fundamentales.<\/h2>\n\n\n\n<p><\/p>","protected":false},"excerpt":{"rendered":"<p>Vivimos en una \u00e9poca marcada por la agitaci\u00f3n social, las crisis clim\u00e1ticas, los conflictos y la propagaci\u00f3n de la desinformaci\u00f3n. Para hacer frente a estos retos, necesitamos una cultura democr\u00e1tica resistente. Una cultura que incluya el respeto mutuo, la rendici\u00f3n de cuentas y el compromiso constructivo puede permitir a las sociedades resolver disputas, abordar retos complejos y proteger las libertades fundamentales.<\/p>","protected":false},"author":2,"featured_media":19981,"parent":16428,"menu_order":0,"comment_status":"closed","ping_status":"closed","template":"template-what-we-do-themes.blade.php","meta":{"_acf_changed":false,"inline_featured_image":false,"_monsterinsights_skip_tracking":false,"_monsterinsights_sitenote_active":false,"_monsterinsights_sitenote_note":"","_monsterinsights_sitenote_category":0,"footnotes":""},"class_list":["post-19499","page","type-page","status-publish","has-post-thumbnail","hentry"],"acf":[],"yoast_head":"<!-- This site is optimized with the Yoast SEO Premium plugin v27.1 (Yoast SEO v27.1.1) - https:\/\/yoast.com\/product\/yoast-seo-premium-wordpress\/ -->\n<title>Democracy Education - NIMD<\/title>\n<meta name=\"robots\" content=\"index, follow, max-snippet:-1, max-image-preview:large, max-video-preview:-1\" \/>\n<link rel=\"canonical\" href=\"https:\/\/nimd.org\/es\/what-we-do\/democracy-education\/\" \/>\n<meta property=\"og:locale\" content=\"es_ES\" \/>\n<meta property=\"og:type\" content=\"article\" \/>\n<meta property=\"og:title\" content=\"Democracy Education\" \/>\n<meta property=\"og:description\" content=\"We live in an era marked by social upheaval, climate crises, conflicts and the spread of misinformation. To face up to these challenges, we need a resilient democratic culture. A culture which includes mutual respect, accountability and constructive engagement can enable societies to resolve disputes, address complex challenges and protect fundamental freedoms.\" \/>\n<meta property=\"og:url\" content=\"https:\/\/nimd.org\/es\/what-we-do\/democracy-education\/\" \/>\n<meta property=\"og:site_name\" content=\"NIMD\" \/>\n<meta property=\"article:modified_time\" content=\"2026-01-07T13:22:02+00:00\" \/>\n<meta property=\"og:image\" content=\"https:\/\/nimd.org\/wp-content\/uploads\/2025\/02\/RP_BW.jpg\" \/>\n\t<meta property=\"og:image:width\" content=\"1080\" \/>\n\t<meta property=\"og:image:height\" content=\"648\" \/>\n\t<meta property=\"og:image:type\" content=\"image\/jpeg\" \/>\n<meta name=\"twitter:card\" content=\"summary_large_image\" \/>\n<meta name=\"twitter:label1\" content=\"Tiempo de lectura\" \/>\n\t<meta name=\"twitter:data1\" content=\"1 minuto\" \/>\n<script type=\"application\/ld+json\" class=\"yoast-schema-graph\">{\"@context\":\"https:\/\/schema.org\",\"@graph\":[{\"@type\":\"WebPage\",\"@id\":\"https:\/\/nimd.org\/what-we-do\/democracy-education\/\",\"url\":\"https:\/\/nimd.org\/what-we-do\/democracy-education\/\",\"name\":\"Democracy Education - NIMD\",\"isPartOf\":{\"@id\":\"https:\/\/nimd.org\/fr\/#website\"},\"primaryImageOfPage\":{\"@id\":\"https:\/\/nimd.org\/what-we-do\/democracy-education\/#primaryimage\"},\"image\":{\"@id\":\"https:\/\/nimd.org\/what-we-do\/democracy-education\/#primaryimage\"},\"thumbnailUrl\":\"https:\/\/nimd.org\/wp-content\/uploads\/2025\/02\/RP_BW.jpg\",\"datePublished\":\"2025-01-21T09:17:11+00:00\",\"dateModified\":\"2026-01-07T13:22:02+00:00\",\"breadcrumb\":{\"@id\":\"https:\/\/nimd.org\/what-we-do\/democracy-education\/#breadcrumb\"},\"inLanguage\":\"es\",\"potentialAction\":[{\"@type\":\"ReadAction\",\"target\":[\"https:\/\/nimd.org\/what-we-do\/democracy-education\/\"]}]},{\"@type\":\"ImageObject\",\"inLanguage\":\"es\",\"@id\":\"https:\/\/nimd.org\/what-we-do\/democracy-education\/#primaryimage\",\"url\":\"https:\/\/nimd.org\/wp-content\/uploads\/2025\/02\/RP_BW.jpg\",\"contentUrl\":\"https:\/\/nimd.org\/wp-content\/uploads\/2025\/02\/RP_BW.jpg\",\"width\":1080,\"height\":648},{\"@type\":\"BreadcrumbList\",\"@id\":\"https:\/\/nimd.org\/what-we-do\/democracy-education\/#breadcrumb\",\"itemListElement\":[{\"@type\":\"ListItem\",\"position\":1,\"name\":\"Home\",\"item\":\"https:\/\/nimd.org\/fr\/\"},{\"@type\":\"ListItem\",\"position\":2,\"name\":\"What we do\",\"item\":\"https:\/\/nimd.org\/what-we-do\/\"},{\"@type\":\"ListItem\",\"position\":3,\"name\":\"Democracy Education\"}]},{\"@type\":\"WebSite\",\"@id\":\"https:\/\/nimd.org\/fr\/#website\",\"url\":\"https:\/\/nimd.org\/fr\/\",\"name\":\"NIMD\",\"description\":\"Democracy Starts With Dialogue\",\"potentialAction\":[{\"@type\":\"SearchAction\",\"target\":{\"@type\":\"EntryPoint\",\"urlTemplate\":\"https:\/\/nimd.org\/fr\/?s={search_term_string}\"},\"query-input\":{\"@type\":\"PropertyValueSpecification\",\"valueRequired\":true,\"valueName\":\"search_term_string\"}}],\"inLanguage\":\"es\"}]}<\/script>\n<!-- \/ Yoast SEO Premium plugin. -->","yoast_head_json":{"title":"Educaci\u00f3n para la democracia - NIMD","robots":{"index":"index","follow":"follow","max-snippet":"max-snippet:-1","max-image-preview":"max-image-preview:large","max-video-preview":"max-video-preview:-1"},"canonical":"https:\/\/nimd.org\/es\/what-we-do\/democracy-education\/","og_locale":"es_ES","og_type":"article","og_title":"Democracy Education","og_description":"We live in an era marked by social upheaval, climate crises, conflicts and the spread of misinformation. To face up to these challenges, we need a resilient democratic culture. A culture which includes mutual respect, accountability and constructive engagement can enable societies to resolve disputes, address complex challenges and protect fundamental freedoms.","og_url":"https:\/\/nimd.org\/es\/what-we-do\/democracy-education\/","og_site_name":"NIMD","article_modified_time":"2026-01-07T13:22:02+00:00","og_image":[{"width":1080,"height":648,"url":"https:\/\/nimd.org\/wp-content\/uploads\/2025\/02\/RP_BW.jpg","type":"image\/jpeg"}],"twitter_card":"summary_large_image","twitter_misc":{"Tiempo de lectura":"1 minuto"},"schema":{"@context":"https:\/\/schema.org","@graph":[{"@type":"WebPage","@id":"https:\/\/nimd.org\/what-we-do\/democracy-education\/","url":"https:\/\/nimd.org\/what-we-do\/democracy-education\/","name":"Educaci\u00f3n para la democracia - NIMD","isPartOf":{"@id":"https:\/\/nimd.org\/fr\/#website"},"primaryImageOfPage":{"@id":"https:\/\/nimd.org\/what-we-do\/democracy-education\/#primaryimage"},"image":{"@id":"https:\/\/nimd.org\/what-we-do\/democracy-education\/#primaryimage"},"thumbnailUrl":"https:\/\/nimd.org\/wp-content\/uploads\/2025\/02\/RP_BW.jpg","datePublished":"2025-01-21T09:17:11+00:00","dateModified":"2026-01-07T13:22:02+00:00","breadcrumb":{"@id":"https:\/\/nimd.org\/what-we-do\/democracy-education\/#breadcrumb"},"inLanguage":"es","potentialAction":[{"@type":"ReadAction","target":["https:\/\/nimd.org\/what-we-do\/democracy-education\/"]}]},{"@type":"ImageObject","inLanguage":"es","@id":"https:\/\/nimd.org\/what-we-do\/democracy-education\/#primaryimage","url":"https:\/\/nimd.org\/wp-content\/uploads\/2025\/02\/RP_BW.jpg","contentUrl":"https:\/\/nimd.org\/wp-content\/uploads\/2025\/02\/RP_BW.jpg","width":1080,"height":648},{"@type":"BreadcrumbList","@id":"https:\/\/nimd.org\/what-we-do\/democracy-education\/#breadcrumb","itemListElement":[{"@type":"ListItem","position":1,"name":"Home","item":"https:\/\/nimd.org\/fr\/"},{"@type":"ListItem","position":2,"name":"What we do","item":"https:\/\/nimd.org\/what-we-do\/"},{"@type":"ListItem","position":3,"name":"Democracy Education"}]},{"@type":"WebSite","@id":"https:\/\/nimd.org\/fr\/#website","url":"https:\/\/nimd.org\/fr\/","name":"NIMD","description":"La democracia empieza por el di\u00e1logo","potentialAction":[{"@type":"SearchAction","target":{"@type":"EntryPoint","urlTemplate":"https:\/\/nimd.org\/fr\/?s={search_term_string}"},"query-input":{"@type":"PropertyValueSpecification","valueRequired":true,"valueName":"search_term_string"}}],"inLanguage":"es"}]}},"_links":{"self":[{"href":"https:\/\/nimd.org\/es\/wp-json\/wp\/v2\/pages\/19499","targetHints":{"allow":["GET"]}}],"collection":[{"href":"https:\/\/nimd.org\/es\/wp-json\/wp\/v2\/pages"}],"about":[{"href":"https:\/\/nimd.org\/es\/wp-json\/wp\/v2\/types\/page"}],"author":[{"embeddable":true,"href":"https:\/\/nimd.org\/es\/wp-json\/wp\/v2\/users\/2"}],"replies":[{"embeddable":true,"href":"https:\/\/nimd.org\/es\/wp-json\/wp\/v2\/comments?post=19499"}],"version-history":[{"count":45,"href":"https:\/\/nimd.org\/es\/wp-json\/wp\/v2\/pages\/19499\/revisions"}],"predecessor-version":[{"id":26246,"href":"https:\/\/nimd.org\/es\/wp-json\/wp\/v2\/pages\/19499\/revisions\/26246"}],"up":[{"embeddable":true,"href":"https:\/\/nimd.org\/es\/wp-json\/wp\/v2\/pages\/16428"}],"wp:featuredmedia":[{"embeddable":true,"href":"https:\/\/nimd.org\/es\/wp-json\/wp\/v2\/media\/19981"}],"wp:attachment":[{"href":"https:\/\/nimd.org\/es\/wp-json\/wp\/v2\/media?parent=19499"}],"curies":[{"name":"wp","href":"https:\/\/api.w.org\/{rel}","templated":true}]}}